{"id":10126,"date":"2020-07-27T14:21:26","date_gmt":"2020-07-27T11:21:26","guid":{"rendered":"https:\/\/2020.tallinnmusicweek.ee\/?page_id=10126"},"modified":"2021-02-25T19:10:25","modified_gmt":"2021-02-25T17:10:25","slug":"terviseohutus","status":"publish","type":"page","link":"https:\/\/2020.tallinnmusicweek.ee\/et\/festivalist\/terviseohutus\/","title":{"rendered":"Terviseohutus"},"content":{"rendered":"<p>Kui olete liitumas meie festivaliga, v\u00f5ib teil olla k\u00fcsimusi terviseohutuse kohta. J\u00e4rgnevast saate paremini aimu, mida teeb terviseohutuse jaoks TMW ja kuidas saate ise panustada.<\/p>\n<p><strong>Mida teeb festival?<\/strong><\/p>\n<p>TMW 2021 korraldatakse vastavalt antud perioodil avalikele \u00fcritustele kehtivatele reeglitele, mis aitavad minimeerida v\u00f5imalikku koroonaviiruse levitamist v\u00f5i sellesse nakatumist. Festivali k\u00f5igil \u00fcritustel j\u00e4lgitakse, et:<\/p>\n<ul>\n<li>osalev publik saaks olla piisavalt hajutatud<\/li>\n<li>festivalialade t\u00e4ituvus nii siseruumides kui v\u00e4lialadel on maksimaalselt 50%, mis<br \/>\nt\u00e4hendab, et igal k\u00fclalisel on rohkem ruumi hoida turvalist distantsi teistest<\/li>\n<li>siseruumidesse lubame maksimaalset 700 ja v\u00e4lialadele kuni 1500 inimest<\/li>\n<li>desinfitseerimisvahendid ning k\u00e4tepesuv\u00f5imalus on saadaval igas kontserdipaigas<\/li>\n<\/ul>\n<p>kaitsemaskid on tasuta saadaval info- ja piletim\u00fc\u00fcgi punktides, kontserdikohad on varustatud ka spetsiaalsete pr\u00fcgikonteineritega kasutatud maskidele<\/p>\n<p>V\u00e4lisartistide ja -k\u00fclaliste \u00fcritustele kaasamise puhul j\u00e4lgime, et Eestisse tuleks k\u00fclalisi ainult nendest piirkondadest, kus nakatumise n\u00e4itaja on allapoole 17,6 uut nakatunud 100 000 elaniku kohta. Oleme j\u00e4tkuvalt kohandanud ja muutnud oma osalejate nimekirja vastavalt n\u00e4itajatele, mida V\u00e4lisministeerium avaldab iga n\u00e4dala reedel. Augusti keskpaiga seisuga ei ole festivalile oodata k\u00fclalisi Venemaalt, Ukrainast, Valgevenest, Ameerika \u00dchendriikidest ja Kanadast.<br \/>\nViimased andmed riikide n\u00e4itajate kohta on k\u00e4ttesaadavad siin: <a href=\"https:\/\/vm.ee\/et\/teave-riikide-ja- liikumispiirangute-kohta-eestisse-saabujatele\">https:\/\/vm.ee\/et\/teave-riikide-ja-<\/a><br \/>\nliikumispiirangute-kohta-eestisse-saabujatele<\/p>\n<p>Iga festivaliasukoha jaoks on festivalil individuaalne h\u00fcgieenire\u017eiim, mis sisaldab p\u00f5hjalikku koristust, \u00f5hutust ja desinfitseerimist ning k\u00e4tepesuv\u00f5imalusi. Oleme v\u00f5imalikult palju kolinud kontserte siseruumidest v\u00e4lja ja j\u00e4lgime, et k\u00f5igis kontserdipaikades oleks n\u00f5uetele vastav<br \/>\nventilatsioonis\u00fcsteem.<\/p>\n<p>Et maandada nakkusohtu, piirame festivali passide m\u00fc\u00fcki ja keskendume \u00fcksikpiletite m\u00fc\u00fcgile. Kontsertide \u00fcksikpiletid on m\u00fc\u00fcgil Piletilevis. Festival on \u00fchtlasi ka v\u00f5imalikult sularahavaba, nii et palume tulijatel sellega ette arvestada.<\/p>\n<p><strong>Mida teen mina?<\/strong><\/p>\n<p><strong>L\u00e4htume p\u00f5him\u00f5ttest, et loome n\u00f5uetele vastava keskkonna, kuid iga inimese vastutus on j\u00e4lgida oma tegevust ja k\u00e4itumist, et hoida enda ja l\u00e4hikondsete tervist. Ohutu keskkond s\u00fcnnib korraldaja ja k\u00fclaliste koost\u00f6\u00f6s, oma tervist saab kaitsta aga iga osaleja ise.<\/strong><\/p>\n<p>TMW palub silmas pidada, et festivalile ei ole lubatud inimesed, kes on viimase 14 p\u00e4eva jooksul haigestunud COVID-19-sse v\u00f5i olnud kontaktis kinnitatud COVID-19 haigestunuga v\u00f5i kellel on \u00e4geda respiratoorse nakkushaiguse s\u00fcmptomid (palavik, kuiv k\u00f6ha, hingamisraskused).<\/p>\n<p>T\u00e4navusele festivalile ei soovita me tulla inimestel, kes kuuluvad riskir\u00fchmadesse:<br \/>\nvanemaealised ja kroonilisi haiguseid p\u00f5devad inimesed<\/p>\n<p>Festivalil soovitame:<\/p>\n<ul>\n<li>v\u00e4ltida tavap\u00e4raseid k\u00e4epigistusi ja tervitussuudlusi<\/li>\n<li>v\u00e4ltida k\u00e4tega n\u00e4o puudutamist, see on \u00fcks p\u00f5hilisi viiruse levimise viise<\/li>\n<li>v\u00e4ltida avalikus kohas pindade puudutamist<\/li>\n<li>pesta k\u00e4si p\u00f5hjalikult v\u00f5i kasutada alkoholi baasil k\u00e4te desinfitseerijat<\/li>\n<li>kuivatada k\u00e4ed puhta paberi v\u00f5i \u00fchekordselt kasutatava r\u00e4tiga<\/li>\n<li>vastavalt enda \u00e4ran\u00e4gemisele kasutada kaitsemaski<\/li>\n<\/ul>\n","protected":false},"excerpt":{"rendered":"<p>Kui olete liitumas meie festivaliga, v\u00f5ib teil olla k\u00fcsimusi terviseohutuse kohta. J\u00e4rgnevast saate paremini aimu, mida teeb terviseohutuse jaoks TMW ja kuidas saate ise panustada. Mida teeb festival? TMW 2021 korraldatakse vastavalt antud perioodil avalikele \u00fcritustele kehtivatele reeglitele, mis aitavad minimeerida v\u00f5imalikku koroonaviiruse levitamist v\u00f5i sellesse nakatumist. Festivali k\u00f5igil \u00fcritustel j\u00e4lgitakse, et: osalev publik saaks [&hellip;]<\/p>\n","protected":false},"author":25,"featured_media":0,"parent":1035,"menu_order":0,"comment_status":"closed","ping_status":"closed","template":"","meta":{"_monsterinsights_skip_tracking":false,"_monsterinsights_sitenote_active":false,"_monsterinsights_sitenote_note":"","_monsterinsights_sitenote_category":0},"acf":[],"_links":{"self":[{"href":"https:\/\/2020.tallinnmusicweek.ee\/et\/wp-json\/wp\/v2\/pages\/10126"}],"collection":[{"href":"https:\/\/2020.tallinnmusicweek.ee\/et\/wp-json\/wp\/v2\/pages"}],"about":[{"href":"https:\/\/2020.tallinnmusicweek.ee\/et\/wp-json\/wp\/v2\/types\/page"}],"author":[{"embeddable":true,"href":"https:\/\/2020.tallinnmusicweek.ee\/et\/wp-json\/wp\/v2\/users\/25"}],"replies":[{"embeddable":true,"href":"https:\/\/2020.tallinnmusicweek.ee\/et\/wp-json\/wp\/v2\/comments?post=10126"}],"version-history":[{"count":6,"href":"https:\/\/2020.tallinnmusicweek.ee\/et\/wp-json\/wp\/v2\/pages\/10126\/revisions"}],"predecessor-version":[{"id":11180,"href":"https:\/\/2020.tallinnmusicweek.ee\/et\/wp-json\/wp\/v2\/pages\/10126\/revisions\/11180"}],"up":[{"embeddable":true,"href":"https:\/\/2020.tallinnmusicweek.ee\/et\/wp-json\/wp\/v2\/pages\/1035"}],"wp:attachment":[{"href":"https:\/\/2020.tallinnmusicweek.ee\/et\/wp-json\/wp\/v2\/media?parent=10126"}],"curies":[{"name":"wp","href":"https:\/\/api.w.org\/{rel}","templated":true}]}}