{"id":1035,"date":"2016-12-25T21:09:50","date_gmt":"2016-12-25T19:09:50","guid":{"rendered":"http:\/\/188.166.60.220\/about\/"},"modified":"2020-11-17T16:09:41","modified_gmt":"2020-11-17T14:09:41","slug":"festivalist","status":"publish","type":"page","link":"https:\/\/2020.tallinnmusicweek.ee\/et\/festivalist\/","title":{"rendered":"Festivalist"},"content":{"rendered":"","protected":false},"excerpt":{"rendered":"","protected":false},"author":1,"featured_media":698,"parent":0,"menu_order":0,"comment_status":"closed","ping_status":"closed","template":"template-modular.php","meta":{"_monsterinsights_skip_tracking":false,"_monsterinsights_sitenote_active":false,"_monsterinsights_sitenote_note":"","_monsterinsights_sitenote_category":0},"acf":{"modules":[{"acf_fc_layout":"lead","content":"<p><strong>Uue muusika ja homsete m\u00f5tete festival ning loovuse m\u00f5ju uuriv konverents\u00a0<\/strong><\/p>\n<p>&nbsp;<\/p>\n"},{"acf_fc_layout":"regular_content","content":"<p><strong>Alates 2009. aastast igal kevadel Tallinnas toimuv uue muusika ja linnakultuuri festival Tallinn Music Week (TMW) p\u00fchitseb erinevaid kunstivorme esitledes loovust, uudishimu ja vabadust.<\/strong><\/p>\n<p><a href=\"https:\/\/2020.tallinnmusicweek.ee\/et\/festival\/muusikafestival\/\"><strong>TMW muusikafestivalil<\/strong><\/a> esineb \u00fcle 100 artisti kogu maailmast, muusikavalik ulatub eksperimentaalsetest helidest tabelipopini, tantsubiitidest metalini ja folgist post-klassikani.<\/p>\n<p><strong><a href=\"https:\/\/2020.tallinnmusicweek.ee\/et\/konverents\/\">TMW konverentsi<\/a><\/strong> arutlusteemade keskmes on kultuuri m\u00f5ju majandusele ja \u00fchiskonnale ning muusikat\u00f6\u00f6stuse arengusuunad. Huviv\u00e4\u00e4rset pakutakse nii muusikavaldkonna tegijaile, kultuurisektori edendajaile kui ka erinevate valdkondade ettev\u00f5tjatele ja poliitikakujundajatele.<\/p>\n<p><strong><a href=\"https:\/\/2020.tallinnmusicweek.ee\/et\/festival\/\">TMW linnafestival<\/a>\u00a0<\/strong>pakub\u00a0p\u00f5nevaid\u00a0 \u00fcritusi avalikest vestlusringidest kaasaegse kunsti ja toidukultuuri paremiku esitlusteni.<\/p>\n"},{"acf_fc_layout":"twocol","col_first":"<h4>TMW delegaatide ja publiku valitud artistiauhinna v\u00f5itjad l\u00e4bi aegade<\/h4>\n<ul>\n<li>2018 <a href=\"https:\/\/martavi.bandcamp.com\/\" target=\"_blank\" rel=\"noopener\">Mart Avi<\/a>, <a href=\"https:\/\/www.marikalkun.com\/\" target=\"_blank\" rel=\"noopener\">Mari Kalkun<\/a>, <a href=\"https:\/\/www.facebook.com\/holymotorsband\/\" target=\"_blank\" rel=\"noopener\">Holy Motors<\/a><\/li>\n<li>2017 <a href=\"https:\/\/martavi.bandcamp.com\">Mart Avi<\/a>, <a href=\"http:\/\/erkiparnoja.com\">Erki P\u00e4rnoja<\/a>,\u00a0<a href=\"https:\/\/www.facebook.com\/noepmusic\/\">NO\u00cbP<\/a><\/li>\n<li>2016\u00a0<a href=\"http:\/\/iwearexperiment.com\/\" target=\"_blank\" rel=\"noopener noreferrer\">I Wear* Experiment<\/a><\/li>\n<li>2015 <a href=\"http:\/\/maarjanuut.com\/\" target=\"_blank\" rel=\"noopener noreferrer\">Maarja Nuut<\/a><\/li>\n<li>2014\u00a0<a href=\"https:\/\/www.facebook.com\/oddhugoband\/\" target=\"_blank\" rel=\"noopener noreferrer\">Odd Hugo<\/a><\/li>\n<li>2013 <a href=\"https:\/\/www.facebook.com\/elephantsfromneptune\/\" target=\"_blank\" rel=\"noopener noreferrer\">Elephants From Neptune<\/a><\/li>\n<li>2012 <a href=\"http:\/\/www.talbot-music.com\/\" target=\"_blank\" rel=\"noopener noreferrer\">Talbot<\/a><\/li>\n<li>2011\u00a0<a href=\"http:\/\/www.ewertandthetwodragons.com\/\" target=\"_blank\" rel=\"noopener noreferrer\">Ewert and the Two Dragons<\/a><\/li>\n<li>2010 <a href=\"http:\/\/www.iirismusic.com\/\" target=\"_blank\" rel=\"noopener noreferrer\">Iiris<\/a><\/li>\n<li>2009 <a href=\"https:\/\/www.facebook.com\/popidiot\/\" target=\"_blank\" rel=\"noopener noreferrer\">Popidiot<\/a><\/li>\n<\/ul>\n<p><strong>TMW ja Telia publikuh\u00e4\u00e4letuse v\u00f5itjad 2014-2017:<\/strong><\/p>\n<p>2014: Metsakutsu (EE)<br \/>\n2015: BA (LT)<br \/>\n2016: Garbanotas Bosistas (LT)<br \/>\n2017: The Boondocks (EE)<\/p>\n","col_second":"<h4>T\u00e4helepanuv\u00e4\u00e4rsemaid festivalil esinenud v\u00e4lisartiste l\u00e4bi aegade<\/h4>\n<ul>\n<li><a href=\"https:\/\/soundcloud.com\/mrduncan\">C Duncan<\/a>\u00a0(UK)<\/li>\n<li><a href=\"https:\/\/www.fat-cat.co.uk\/artist\/vashti-bunyan\" target=\"_blank\" rel=\"noopener noreferrer\">Vashti Bunyan <\/a>(UK)<\/li>\n<li><a href=\"http:\/\/www.glenmatlock.com\/\">Glen Matlock<\/a> (UK)<\/li>\n<li><a href=\"https:\/\/ericcopeland.bandcamp.com\/\">Eric Copeland<\/a> (US)<\/li>\n<li><a href=\"https:\/\/kara-liscoverdale.bandcamp.com\/\">Kara-Lis Coverdale<\/a> (CA)<\/li>\n<li><a href=\"http:\/\/www.wearemotorama.com\/\" target=\"_blank\" rel=\"noopener noreferrer\">Motorama<\/a> (RU)<\/li>\n<li><a href=\"https:\/\/shortparis.bandcamp.com\/\">Shortparis<\/a> (RU)<\/li>\n<li><a href=\"http:\/\/kateboy.com\/\" target=\"_blank\" rel=\"noopener noreferrer\">Kate Boy<\/a> (SE)<\/li>\n<li><a href=\"https:\/\/kimmopohjonen.com\/\">Kimmo Pohjonen<\/a> (FI)<\/li>\n<li><a href=\"https:\/\/www.facebook.com\/rubikband\/\" target=\"_blank\" rel=\"noopener noreferrer\">Rubik<\/a> (FI)<\/li>\n<li><a href=\"http:\/\/www.liima.net\/\" target=\"_blank\" rel=\"noopener noreferrer\">Liima<\/a> (DK\/FI)<\/li>\n<li><a href=\"https:\/\/www.hauschka-music.com\/\">Hauschka<\/a> (DE)<\/li>\n<li><a href=\"https:\/\/neubauten.org\/en\/alex-hacke\">Alexander Hacke<\/a> (DE)<\/li>\n<\/ul>\n<p>ja paljud teised.<\/p>\n"},{"acf_fc_layout":"hero","image":{"ID":5412,"id":5412,"title":"26124629912_2770444a7e_k","filename":"26124629912_2770444a7e_k-1.jpg","filesize":1222113,"url":"https:\/\/2020.tallinnmusicweek.ee\/wp-content\/uploads\/2016\/12\/26124629912_2770444a7e_k-1.jpg","link":"https:\/\/2020.tallinnmusicweek.ee\/et\/?attachment_id=5412","alt":"","author":"1","description":"","caption":"","name":"26124629912_2770444a7e_k-2-2","status":"inherit","uploaded_to":1155,"date":"2016-12-04 10:51:29","modified":"2016-12-04 10:51:29","menu_order":0,"mime_type":"image\/jpeg","type":"image","subtype":"jpeg","icon":"https:\/\/2020.tallinnmusicweek.ee\/wp-includes\/images\/media\/default.png","width":2048,"height":1363,"sizes":{"thumbnail":"https:\/\/2020.tallinnmusicweek.ee\/wp-content\/uploads\/2016\/12\/26124629912_2770444a7e_k-1-150x150.jpg","thumbnail-width":150,"thumbnail-height":150,"medium":"https:\/\/2020.tallinnmusicweek.ee\/wp-content\/uploads\/2016\/12\/26124629912_2770444a7e_k-1-300x200.jpg","medium-width":300,"medium-height":200,"medium_large":"https:\/\/2020.tallinnmusicweek.ee\/wp-content\/uploads\/2016\/12\/26124629912_2770444a7e_k-1-768x511.jpg","medium_large-width":768,"medium_large-height":511,"large":"https:\/\/2020.tallinnmusicweek.ee\/wp-content\/uploads\/2016\/12\/26124629912_2770444a7e_k-1-1024x682.jpg","large-width":1024,"large-height":682,"1536x1536":"https:\/\/2020.tallinnmusicweek.ee\/wp-content\/uploads\/2016\/12\/26124629912_2770444a7e_k-1.jpg","1536x1536-width":1536,"1536x1536-height":1022,"2048x2048":"https:\/\/2020.tallinnmusicweek.ee\/wp-content\/uploads\/2016\/12\/26124629912_2770444a7e_k-1.jpg","2048x2048-width":2048,"2048x2048-height":1363}},"content":"","size":"medium"},{"acf_fc_layout":"hero","image":{"ID":5512,"id":5512,"title":"13576675345_3d677279b5_o","filename":"13576675345_3d677279b5_o.jpg","filesize":1207187,"url":"https:\/\/2020.tallinnmusicweek.ee\/wp-content\/uploads\/2017\/01\/13576675345_3d677279b5_o.jpg","link":"https:\/\/2020.tallinnmusicweek.ee\/et\/festivalist\/13576675345_3d677279b5_o-2\/","alt":"","author":"2","description":"","caption":"","name":"13576675345_3d677279b5_o-2","status":"inherit","uploaded_to":1035,"date":"2017-01-11 22:19:49","modified":"2017-01-11 22:19:49","menu_order":0,"mime_type":"image\/jpeg","type":"image","subtype":"jpeg","icon":"https:\/\/2020.tallinnmusicweek.ee\/wp-includes\/images\/media\/default.png","width":2272,"height":1517,"sizes":{"thumbnail":"https:\/\/2020.tallinnmusicweek.ee\/wp-content\/uploads\/2017\/01\/13576675345_3d677279b5_o-150x150.jpg","thumbnail-width":150,"thumbnail-height":150,"medium":"https:\/\/2020.tallinnmusicweek.ee\/wp-content\/uploads\/2017\/01\/13576675345_3d677279b5_o-300x200.jpg","medium-width":300,"medium-height":200,"medium_large":"https:\/\/2020.tallinnmusicweek.ee\/wp-content\/uploads\/2017\/01\/13576675345_3d677279b5_o-768x513.jpg","medium_large-width":768,"medium_large-height":513,"large":"https:\/\/2020.tallinnmusicweek.ee\/wp-content\/uploads\/2017\/01\/13576675345_3d677279b5_o-1024x684.jpg","large-width":1024,"large-height":684,"1536x1536":"https:\/\/2020.tallinnmusicweek.ee\/wp-content\/uploads\/2017\/01\/13576675345_3d677279b5_o.jpg","1536x1536-width":1536,"1536x1536-height":1026,"2048x2048":"https:\/\/2020.tallinnmusicweek.ee\/wp-content\/uploads\/2017\/01\/13576675345_3d677279b5_o.jpg","2048x2048-width":2048,"2048x2048-height":1367}},"content":"","size":"medium"},{"acf_fc_layout":"hero","image":{"ID":5534,"id":5534,"title":"TMWpromoSteinIlves","filename":"TMWpromoSteinIlves.jpg","filesize":152003,"url":"https:\/\/2020.tallinnmusicweek.ee\/wp-content\/uploads\/2016\/12\/TMWpromoSteinIlves.jpg","link":"https:\/\/2020.tallinnmusicweek.ee\/et\/festivalist\/tmwpromosteinilves-2\/","alt":"","author":"2","description":"","caption":"","name":"tmwpromosteinilves-2","status":"inherit","uploaded_to":1035,"date":"2017-01-13 16:39:02","modified":"2017-01-13 16:39:02","menu_order":0,"mime_type":"image\/jpeg","type":"image","subtype":"jpeg","icon":"https:\/\/2020.tallinnmusicweek.ee\/wp-includes\/images\/media\/default.png","width":640,"height":427,"sizes":{"thumbnail":"https:\/\/2020.tallinnmusicweek.ee\/wp-content\/uploads\/2016\/12\/TMWpromoSteinIlves-150x150.jpg","thumbnail-width":150,"thumbnail-height":150,"medium":"https:\/\/2020.tallinnmusicweek.ee\/wp-content\/uploads\/2016\/12\/TMWpromoSteinIlves-300x200.jpg","medium-width":300,"medium-height":200,"medium_large":"https:\/\/2020.tallinnmusicweek.ee\/wp-content\/uploads\/2016\/12\/TMWpromoSteinIlves.jpg","medium_large-width":640,"medium_large-height":427,"large":"https:\/\/2020.tallinnmusicweek.ee\/wp-content\/uploads\/2016\/12\/TMWpromoSteinIlves.jpg","large-width":640,"large-height":427,"1536x1536":"https:\/\/2020.tallinnmusicweek.ee\/wp-content\/uploads\/2016\/12\/TMWpromoSteinIlves.jpg","1536x1536-width":640,"1536x1536-height":427,"2048x2048":"https:\/\/2020.tallinnmusicweek.ee\/wp-content\/uploads\/2016\/12\/TMWpromoSteinIlves.jpg","2048x2048-width":640,"2048x2048-height":427}},"content":"<p>Seymour Stein ja President Toomas Hendrik Ilves TMW 2013 konverentsil.<\/p>\n","size":"medium"},{"acf_fc_layout":"quote","content":"<p>\u201eMaailmas, kus \u00fcha enam uksi ja piire suletakse, ujub TMW vastuvoolu ja innustab looma sellist tulevikku, mida me tahame \u2013 nii muusikas ja kultuuris kui meie k\u00f5ikide eludes. TMW teab, et murtud maailm vajab kultuurikallistust!\u201c<\/p>\n<p>&nbsp;<\/p>\n<p>&#8211;\u00a0 John Robb (Louder Than War, The Membranes)<\/p>\n","name":"John Robb (Louder Than War, The Membranes)"},{"acf_fc_layout":"regular_content","content":""},{"acf_fc_layout":"regular_content","content":"<h3>TMW tunnustused<\/h3>\n<ul>\n<li>2014: The Guardian &amp; \u00a0The Observeri maailma TOP 5 muusikafestival talvehooajal<\/li>\n<li>2014: Tampere Music auhind erakordse saavutuste eest muusikavaldkonnas TMW asutajale Helen Sildnale<\/li>\n<li>2014: parim v\u00f5\u00f5rustajalinn: Tallinna linna tutvustamise eest<\/li>\n<li>2012: parim hotell ja konverentsikeskus Nordic Hotel Forum.<\/li>\n<li>2011: parim uuepoolne festival <a href=\"http:\/\/greatescapefestival.com\/\" target=\"_blank\" rel=\"noopener noreferrer\">@ The Great Escape<\/a><\/li>\n<\/ul>\n"},{"acf_fc_layout":"regular_content","content":"<p>Tallinn Music Weeki korraldaja on Shiftworks O\u00dc. Festival saab teoks enam kui saja inimese, ettev\u00f5tte ja organisatsiooni \u00fchisel j\u00f5ul.<\/p>\n"}]},"_links":{"self":[{"href":"https:\/\/2020.tallinnmusicweek.ee\/et\/wp-json\/wp\/v2\/pages\/1035"}],"collection":[{"href":"https:\/\/2020.tallinnmusicweek.ee\/et\/wp-json\/wp\/v2\/pages"}],"about":[{"href":"https:\/\/2020.tallinnmusicweek.ee\/et\/wp-json\/wp\/v2\/types\/page"}],"author":[{"embeddable":true,"href":"https:\/\/2020.tallinnmusicweek.ee\/et\/wp-json\/wp\/v2\/users\/1"}],"replies":[{"embeddable":true,"href":"https:\/\/2020.tallinnmusicweek.ee\/et\/wp-json\/wp\/v2\/comments?post=1035"}],"version-history":[{"count":21,"href":"https:\/\/2020.tallinnmusicweek.ee\/et\/wp-json\/wp\/v2\/pages\/1035\/revisions"}],"predecessor-version":[{"id":10911,"href":"https:\/\/2020.tallinnmusicweek.ee\/et\/wp-json\/wp\/v2\/pages\/1035\/revisions\/10911"}],"wp:featuredmedia":[{"embeddable":true,"href":"https:\/\/2020.tallinnmusicweek.ee\/et\/wp-json\/wp\/v2\/media\/698"}],"wp:attachment":[{"href":"https:\/\/2020.tallinnmusicweek.ee\/et\/wp-json\/wp\/v2\/media?parent=1035"}],"curies":[{"name":"wp","href":"https:\/\/api.w.org\/{rel}","templated":true}]}}