{"id":10351,"date":"2020-08-11T13:53:51","date_gmt":"2020-08-11T10:53:51","guid":{"rendered":"https:\/\/2020.tallinnmusicweek.ee\/?page_id=10351"},"modified":"2020-11-16T20:46:10","modified_gmt":"2020-11-16T18:46:10","slug":"muusikute-kirbuturg-2","status":"publish","type":"page","link":"https:\/\/2020.tallinnmusicweek.ee\/et\/festival\/muusikute-kirbuturg-2\/","title":{"rendered":"Muusikute Kirbuturg"},"content":{"rendered":"","protected":false},"excerpt":{"rendered":"","protected":false},"author":22,"featured_media":10341,"parent":1071,"menu_order":0,"comment_status":"closed","ping_status":"closed","template":"template-modular.php","meta":{"_monsterinsights_skip_tracking":false,"_monsterinsights_sitenote_active":false,"_monsterinsights_sitenote_note":"","_monsterinsights_sitenote_category":0},"acf":{"modules":[{"acf_fc_layout":"lead","content":""},{"acf_fc_layout":"regular_content","content":"<p>TMW 2021 programm kuulutatakse v\u00e4lja 2021. aasta kevadel. Seni vaata, mida pakkus 2020. aasta.<\/p>\n<p>***<\/p>\n<p>TMW finaalis, p\u00fchap\u00e4eval, 30. augustil kell 12\u201317 leiab Fotografiska Tallinnas aset Muusikute Kirbuturg. Viie aasta eest Protest Kohvikklubi seinte vahel alustanud \u00fcritus on taas tegus ning suurem kui kunagi varem.<\/p>\n<p>Kui muusikat\u00f6\u00f6stuse seisak on j\u00e4tnud j\u00e4lje su tegutsemisele, siis vaata oma kodus ja\/v\u00f5i stuudios natuke ringi ja tule m\u00fc\u00fc kasutuna seisma j\u00e4\u00e4nud asjad \u00e4ra! Mis \u00fche inimese jaoks pigem tolmu koguv v\u00f5i ruumi v\u00f5ttev kujunduselement, v\u00f5ib olla teise jaoks fantastiline leid v\u00f5i h\u00e4davajalik jubin.<\/p>\n<p>\u00dcritusele on oodatud k\u00f5ik muusikud, DJ-d, stuudiotehnikud, helirendifirmad, kontserdikorraldad ja -kohad ning niisama melomaanid ja audiofiilid.<\/p>\n<p>Ootame m\u00fc\u00fcma, ostma ja tutvustama j\u00e4rgmiseid tooteid ja teenuseid:<\/p>\n<p>&#8211; muusikainstrumente<br \/>\n&#8211; salvestustehnikat<br \/>\n&#8211; esinemistehnikat<br \/>\n&#8211; plaate\/kassette<br \/>\n&#8211; workshoppe<br \/>\njmt<\/p>\n<p><img loading=\"lazy\" class=\"alignnone wp-image-10304 size-large\" src=\"https:\/\/2020.tallinnmusicweek.ee\/wp-content\/uploads\/2020\/08\/turg2-819x1024.jpg\" alt=\"\" width=\"819\" height=\"1024\" srcset=\"https:\/\/2020.tallinnmusicweek.ee\/wp-content\/uploads\/2020\/08\/turg2-819x1024.jpg 819w, https:\/\/2020.tallinnmusicweek.ee\/wp-content\/uploads\/2020\/08\/turg2-240x300.jpg 240w, https:\/\/2020.tallinnmusicweek.ee\/wp-content\/uploads\/2020\/08\/turg2-768x960.jpg 768w, https:\/\/2020.tallinnmusicweek.ee\/wp-content\/uploads\/2020\/08\/turg2.jpg 1080w\" sizes=\"(max-width: 819px) 100vw, 819px\" \/><br \/>\nMuusikute Kirbuturg leiab aset Fotografiska Tallinn esimesel korrusel, ilusa ilmaga laienetakse tagahoovi.<\/p>\n<p>Maksmine toimub klassikaliselt sularahas v\u00f5i osapoolte omavahelisel kokkuleppel.<\/p>\n<p><a href=\"http:\/\/muusikutekirbuturg.wordpress.com\">Registreerimine ja t\u00e4psustav info<\/a><\/p>\n"}]},"_links":{"self":[{"href":"https:\/\/2020.tallinnmusicweek.ee\/et\/wp-json\/wp\/v2\/pages\/10351"}],"collection":[{"href":"https:\/\/2020.tallinnmusicweek.ee\/et\/wp-json\/wp\/v2\/pages"}],"about":[{"href":"https:\/\/2020.tallinnmusicweek.ee\/et\/wp-json\/wp\/v2\/types\/page"}],"author":[{"embeddable":true,"href":"https:\/\/2020.tallinnmusicweek.ee\/et\/wp-json\/wp\/v2\/users\/22"}],"replies":[{"embeddable":true,"href":"https:\/\/2020.tallinnmusicweek.ee\/et\/wp-json\/wp\/v2\/comments?post=10351"}],"version-history":[{"count":2,"href":"https:\/\/2020.tallinnmusicweek.ee\/et\/wp-json\/wp\/v2\/pages\/10351\/revisions"}],"predecessor-version":[{"id":10867,"href":"https:\/\/2020.tallinnmusicweek.ee\/et\/wp-json\/wp\/v2\/pages\/10351\/revisions\/10867"}],"up":[{"embeddable":true,"href":"https:\/\/2020.tallinnmusicweek.ee\/et\/wp-json\/wp\/v2\/pages\/1071"}],"wp:featuredmedia":[{"embeddable":true,"href":"https:\/\/2020.tallinnmusicweek.ee\/et\/wp-json\/wp\/v2\/media\/10341"}],"wp:attachment":[{"href":"https:\/\/2020.tallinnmusicweek.ee\/et\/wp-json\/wp\/v2\/media?parent=10351"}],"curies":[{"name":"wp","href":"https:\/\/api.w.org\/{rel}","templated":true}]}}