{"id":10602,"date":"2020-08-21T11:07:31","date_gmt":"2020-08-21T08:07:31","guid":{"rendered":"https:\/\/2020.tallinnmusicweek.ee\/?page_id=10602"},"modified":"2020-11-16T20:46:56","modified_gmt":"2020-11-16T18:46:56","slug":"lasnamae-puhapaev","status":"publish","type":"page","link":"https:\/\/2020.tallinnmusicweek.ee\/et\/festival\/lasnamae-puhapaev\/","title":{"rendered":"Lasnam\u00e4e p\u00fchap\u00e4ev"},"content":{"rendered":"<p>TMW 2021 programm kuulutatakse v\u00e4lja 2021. aasta kevadel. Seni vaata, mida pakkus 2020. aasta.<br \/>\n<strong><br \/>\n***<\/p>\n<p>P, 30.08 <\/strong><br \/>\n<strong>14.00\u201323.00<\/strong><\/p>\n<p>Avastame Tallinna suurima linnaosa m\u00fc\u00fctilisi paiku ja peidus p\u00e4rle<\/p>\n<p>Bussituur:<br \/>\nAlgus 14.00 Nordic Hotel Forum, tagasi 18.30 Laagna kogukonnaaiast<\/p>\n<p>Programm Laagna kogukonnaaias (V\u00f5ru 11):<br \/>\n17.00\u201318.30 Polina T\u0161erkassova muinasjutuline aiakontsert<br \/>\n20.30\u201323.00 LasnaKino filmi\u00f5htu: \u201e14 k\u00e4\u00e4net\u201d<\/p>\n<p>Avastame bussiretkel Tallinna suurima linnaosa m\u00fc\u00fctilisi paiku ja peidus p\u00e4rle Zanzibari restoranist kogukondlike kapsapeenarde ja Pae pargini ning r\u00e4\u00e4gime linnaosa saamisloost, n\u00f5ukaaja realiseerimata suurplaanidest ja tulevikupotentsiaalist.<\/p>\n<p>Tuuri j\u00e4rgselt on k\u00f5igil huvilistel v\u00f5imalik j\u00e4\u00e4da Laagna kogukonnaaeda tasuta kontserdile ja filmilinastusele. Muusiku ja antropoloogi Polina T\u0161erkassova kontserdil p\u00f5imuvad eesti-, vene- ja ingliskeelsed t\u00f5sielu- ja muinaslood haruldaste pillidega. Eesti venekeelsete laste ja nende vanemate v\u00e4ljakutseid uuriva dokkfilmi \u201e14 k\u00e4\u00e4net\u201c linastusele eelneb eesti ja vene keeles avalik arutelu, milles osalevad filmi re\u017eiss\u00f6\u00f6r Marianna Kaat ja osat\u00e4itjad.<\/p>\n<p>Lasnam\u00e4e bussituuri piletid hinnaga 20 eurot on m\u00fc\u00fcgil TMW <a href=\"http:\/\/shop.tmw.ee\">veebipoes<\/a>.<\/p>\n<p>Pilet sisaldab transporti ja toidukorda Zanzibaris.<\/p>\n<p>Aiakontsert ja LasnaKino seanss on k\u00f5ikidele huvilistele tasuta.<\/p>\n<p>TMW Lasnam\u00e4e programm saab teoks koost\u00f6\u00f6s Lasnam\u00e4e elanike \u00fchendusega MT\u00dc Lasnaidee. LasnaKino \u00fcritust toetab Briti N\u00f5ukogu.<\/p>\n<p>&nbsp;<\/p>\n<p>&nbsp;<\/p>\n","protected":false},"excerpt":{"rendered":"<p>TMW 2021 programm kuulutatakse v\u00e4lja 2021. aasta kevadel. Seni vaata, mida pakkus 2020. aasta. *** P, 30.08 14.00\u201323.00 Avastame Tallinna suurima linnaosa m\u00fc\u00fctilisi paiku ja peidus p\u00e4rle Bussituur: Algus 14.00 Nordic Hotel Forum, tagasi 18.30 Laagna kogukonnaaiast Programm Laagna kogukonnaaias (V\u00f5ru 11): 17.00\u201318.30 Polina T\u0161erkassova muinasjutuline aiakontsert 20.30\u201323.00 LasnaKino filmi\u00f5htu: \u201e14 k\u00e4\u00e4net\u201d Avastame bussiretkel Tallinna [&hellip;]<\/p>\n","protected":false},"author":25,"featured_media":0,"parent":1071,"menu_order":0,"comment_status":"closed","ping_status":"closed","template":"","meta":{"_monsterinsights_skip_tracking":false,"_monsterinsights_sitenote_active":false,"_monsterinsights_sitenote_note":"","_monsterinsights_sitenote_category":0},"acf":[],"_links":{"self":[{"href":"https:\/\/2020.tallinnmusicweek.ee\/et\/wp-json\/wp\/v2\/pages\/10602"}],"collection":[{"href":"https:\/\/2020.tallinnmusicweek.ee\/et\/wp-json\/wp\/v2\/pages"}],"about":[{"href":"https:\/\/2020.tallinnmusicweek.ee\/et\/wp-json\/wp\/v2\/types\/page"}],"author":[{"embeddable":true,"href":"https:\/\/2020.tallinnmusicweek.ee\/et\/wp-json\/wp\/v2\/users\/25"}],"replies":[{"embeddable":true,"href":"https:\/\/2020.tallinnmusicweek.ee\/et\/wp-json\/wp\/v2\/comments?post=10602"}],"version-history":[{"count":2,"href":"https:\/\/2020.tallinnmusicweek.ee\/et\/wp-json\/wp\/v2\/pages\/10602\/revisions"}],"predecessor-version":[{"id":10868,"href":"https:\/\/2020.tallinnmusicweek.ee\/et\/wp-json\/wp\/v2\/pages\/10602\/revisions\/10868"}],"up":[{"embeddable":true,"href":"https:\/\/2020.tallinnmusicweek.ee\/et\/wp-json\/wp\/v2\/pages\/1071"}],"wp:attachment":[{"href":"https:\/\/2020.tallinnmusicweek.ee\/et\/wp-json\/wp\/v2\/media?parent=10602"}],"curies":[{"name":"wp","href":"https:\/\/api.w.org\/{rel}","templated":true}]}}