{"id":1071,"date":"2016-12-25T21:03:18","date_gmt":"2016-12-25T19:03:18","guid":{"rendered":"http:\/\/188.166.60.220\/festival\/"},"modified":"2020-11-17T11:40:27","modified_gmt":"2020-11-17T09:40:27","slug":"festival","status":"publish","type":"page","link":"https:\/\/2020.tallinnmusicweek.ee\/et\/festival\/","title":{"rendered":"Linnafestival"},"content":{"rendered":"","protected":false},"excerpt":{"rendered":"","protected":false},"author":1,"featured_media":7978,"parent":0,"menu_order":0,"comment_status":"closed","ping_status":"closed","template":"template-modular.php","meta":{"_monsterinsights_skip_tracking":false,"_monsterinsights_sitenote_active":false,"_monsterinsights_sitenote_note":"","_monsterinsights_sitenote_category":0},"acf":{"modules":[{"acf_fc_layout":"lead","content":"<p><strong>6.\u20139. mai 2021<\/strong><\/p>\n<p>&nbsp;<\/p>\n<p>TMW linnaprogramm viib p\u00e4evastele avastusretkedele kunsti-, disaini- ja toidumaailma ning kutsub osa v\u00f5tma avalikest aruteludest.<\/p>\n"},{"acf_fc_layout":"regular_content","content":"<p>&nbsp;<\/p>\n<p>&nbsp;<\/p>\n"},{"acf_fc_layout":"twocol","col_first":"<h4><a href=\"https:\/\/2020.tallinnmusicweek.ee\/et\/festival\/kunst\/\">Kunst<\/a><\/h4>\n<h4><a href=\"https:\/\/2020.tallinnmusicweek.ee\/et\/festival\/jutud\/\">Jutud<\/a><\/h4>\n<h4><a href=\"https:\/\/2020.tallinnmusicweek.ee\/et\/festival\/lasnamae-puhapaev\/\"><strong>Lasnam\u00e4e p\u00fchap\u00e4ev<\/strong><\/a><\/h4>\n<h4><a href=\"http:\/\/mw.ee\/et\/festival\/lasteprogramm\/\"><strong>Lapsed<\/strong><\/a><\/h4>\n<h4><a href=\"https:\/\/2020.tallinnmusicweek.ee\/et\/festival\/muusikute-kirbuturg-2\/\">Muusikute Kirbuturg<\/a><\/h4>\n<h4><a href=\"https:\/\/2020.tallinnmusicweek.ee\/et\/festival\/maitsed\/\">Maitsed<\/a><\/h4>\n<h4><a href=\"https:\/\/2020.tallinnmusicweek.ee\/et\/festival\/plaaditurg\/\"> Plaaditurg<\/a><\/h4>\n<h4><\/h4>\n","col_second":""},{"acf_fc_layout":"regular_content","content":"<figure id=\"attachment_7821\" aria-describedby=\"caption-attachment-7821\" style=\"width: 960px\" class=\"wp-caption alignnone\"><img loading=\"lazy\" class=\"size-full wp-image-7821\" src=\"https:\/\/2020.tallinnmusicweek.ee\/wp-content\/uploads\/2019\/10\/kaupokalda-com-20190910-DJI-0572-Panomedium.2x.1570439882.jpg\" alt=\"\" width=\"960\" height=\"540\" srcset=\"https:\/\/2020.tallinnmusicweek.ee\/wp-content\/uploads\/2019\/10\/kaupokalda-com-20190910-DJI-0572-Panomedium.2x.1570439882.jpg 960w, https:\/\/2020.tallinnmusicweek.ee\/wp-content\/uploads\/2019\/10\/kaupokalda-com-20190910-DJI-0572-Panomedium.2x.1570439882-300x169.jpg 300w, https:\/\/2020.tallinnmusicweek.ee\/wp-content\/uploads\/2019\/10\/kaupokalda-com-20190910-DJI-0572-Panomedium.2x.1570439882-768x432.jpg 768w\" sizes=\"(max-width: 960px) 100vw, 960px\" \/><figcaption id=\"caption-attachment-7821\" class=\"wp-caption-text\">Telliskivi loomelinnak ja kvartal. Foto: Kaupo Kalda<\/figcaption><\/figure>\n"},{"acf_fc_layout":"accordion","accordion_items":[{"title":"","content":""}]}]},"_links":{"self":[{"href":"https:\/\/2020.tallinnmusicweek.ee\/et\/wp-json\/wp\/v2\/pages\/1071"}],"collection":[{"href":"https:\/\/2020.tallinnmusicweek.ee\/et\/wp-json\/wp\/v2\/pages"}],"about":[{"href":"https:\/\/2020.tallinnmusicweek.ee\/et\/wp-json\/wp\/v2\/types\/page"}],"author":[{"embeddable":true,"href":"https:\/\/2020.tallinnmusicweek.ee\/et\/wp-json\/wp\/v2\/users\/1"}],"replies":[{"embeddable":true,"href":"https:\/\/2020.tallinnmusicweek.ee\/et\/wp-json\/wp\/v2\/comments?post=1071"}],"version-history":[{"count":40,"href":"https:\/\/2020.tallinnmusicweek.ee\/et\/wp-json\/wp\/v2\/pages\/1071\/revisions"}],"predecessor-version":[{"id":10895,"href":"https:\/\/2020.tallinnmusicweek.ee\/et\/wp-json\/wp\/v2\/pages\/1071\/revisions\/10895"}],"wp:featuredmedia":[{"embeddable":true,"href":"https:\/\/2020.tallinnmusicweek.ee\/et\/wp-json\/wp\/v2\/media\/7978"}],"wp:attachment":[{"href":"https:\/\/2020.tallinnmusicweek.ee\/et\/wp-json\/wp\/v2\/media?parent=1071"}],"curies":[{"name":"wp","href":"https:\/\/api.w.org\/{rel}","templated":true}]}}