{"id":1086,"date":"2016-12-25T21:02:49","date_gmt":"2016-12-25T19:02:49","guid":{"rendered":"http:\/\/188.166.60.220\/festival\/arts\/"},"modified":"2020-11-16T20:35:47","modified_gmt":"2020-11-16T18:35:47","slug":"kunst","status":"publish","type":"page","link":"https:\/\/2020.tallinnmusicweek.ee\/et\/festival\/kunst\/","title":{"rendered":"Kunst"},"content":{"rendered":"","protected":false},"excerpt":{"rendered":"","protected":false},"author":1,"featured_media":7932,"parent":1071,"menu_order":0,"comment_status":"closed","ping_status":"closed","template":"template-modular.php","meta":{"_monsterinsights_skip_tracking":false,"_monsterinsights_sitenote_active":false,"_monsterinsights_sitenote_note":"","_monsterinsights_sitenote_category":0},"acf":{"modules":[{"acf_fc_layout":"lead","content":"<p>Eesti Kaasaegse Kunsti Arenduskeskus (<a href=\"http:\/\/www.ecadc.ee\/\" target=\"_blank\" rel=\"noopener\">EKKAK<\/a>) kureeritud galerituur Tallinna Neljap\u00e4eva ning n\u00e4itused \u00fcle linna.<\/p>\n"},{"acf_fc_layout":"regular_content","content":"<p>TMW 2021 kunstiprogramm kuulutatakse v\u00e4lja 2021. aasta kevadel. Seni vaata, mida pakkus 2020. aasta.<\/p>\n<p>***<\/p>\n<p>TMW 2020 kunstiprogramm on ise\u00e4ranis mahukas ja mitmek\u00fclgne. Lisaks traditsioonilisele Eesti Kaasaegse Kunsti Arenduskeskuse kureeritud kogu linna katvale Tallinna Neljap\u00e4eva galeriituurile saab Noblessneris nautida EKA tudengite valgusinstallatsioone ja ujuvkail asuvat Kai keskuse suveprojekti \u201eInterauraalne kontuur I\u201d. Telliskivi Loomelinnakus on avatud nii v\u00e4lin\u00e4itus kui ka mitmed n\u00e4itused Fotografiska Tallinnas. Viimases avab festivali eel uksed ka esimene ametlik Muumimuuseumi pop-up pood Eestis.<\/p>\n<p><strong>Tallinna Neljap\u00e4ev<\/strong><br \/>\n<strong>N, 27.08 17.00\u201321.00<\/strong><br \/>\n<strong>Erinevad galeriid<\/strong><\/p>\n<p>Eesti Kaasaegse Kunsti Arenduskeskus (EKKAK) korraldab TMW festivali raames 27. augustil spetsiaalse programmi ja pikendatud avamisaegadega galerii\u00f5htu Tallinna Neljap\u00e4ev, millest v\u00f5tavad osa Kai kunstikeskus, Temnikova &amp; Kasela galerii, EKA Galerii, Juhan Kuusi Dokfoto Keskus, Positiiv galerii, Okapi galerii, Haus galerii ja Vaal galerii. Galerii\u00f5htul n\u00e4eb eriilmelistel n\u00e4itustel nii Eesti kui ka rahvusvaheliste kunstnike v\u00e4rsket loomingut. Galeriides toimuvad \u00f5htu jooksul n\u00e4itusetuurid ning on v\u00f5imalik tutvuda galeristide ja kunstnikega.<\/p>\n<p>Galeriide vahel liikumiseks tuleb appi tellitud buss. Bussi kohtade t\u00e4itmine toimub iga v\u00e4ljumiskoha juures \u201ckes ees, see mees\u201d p\u00f5him\u00f5ttel.<\/p>\n<p><strong>17.00 Kai kunstikeskus<\/strong> (Peetri 12)<br \/>\n<strong>Kris Lemsalu Malone &amp;amp Kyp Malone Lemsalu \u201eLove Song Sing Along (Once Again With Feeling!)\u201c<\/strong><\/p>\n<p>Kai kunstikeskuse n\u00e4itusel saab n\u00e4ha Kris Lemsalu Malone &amp; Kyp Malone Lemsalu uusi ja varem eksponeerimata teoseid ning t\u00e4navu Berliini mainekas kunstikeskuses KW Institute for Contemporary Art n\u00e4idatud suuremahulist installatsiooni mis pandeemia puhkemise t\u00f5ttu oli avatud vaid kaks n\u00e4dalat. \u201eLove Song Sing Along (Once Again With Feeling!)\u201c on Berliini n\u00e4ituse uus tulemine ning \u00fchtlasi Kai keskuse esimene kriisij\u00e4rgne v\u00e4ljapanek. Arhet\u00fc\u00fcpsete Aadama ja Eeva rolli astunud kunstnikud on ette v\u00f5tnud uue maailma loomism\u00fc\u00fcdi, kus leiavad kesksete tegelastena koha luik, j\u00e4nes ja jaaguar.<\/p>\n<p>Kris Lemsalu portfoolios on k\u00f5rgelt tunnustatud projekte Eesti esindamisest Veneetsia biennaalil kuni soolon\u00e4itusteni maailma tippgaleriides. Kunstnik ja muusik Kyp Malone on tuntud eesk\u00e4tt Brooklyni grupi TV On The Radio liikmena. T\u00e4navu on ta oma muusikaga toetanud nii USA tsiviilrahutuste laines loodud kogukonna-algatusi kui ka pandeemias kannatanud v\u00e4ikesi kultuuriorganisatsioone.<\/p>\n<p>Tallinna Neljap\u00e4eval tutvustab n\u00e4itust Kai kunstikeskuse programmikoordinaator Triin Metsla.<\/p>\n<p><img loading=\"lazy\" class=\"alignnone wp-image-10445 size-large\" src=\"https:\/\/2020.tallinnmusicweek.ee\/wp-content\/uploads\/2020\/08\/Kai-kunstikeskus-1024x683.jpg\" alt=\"\" width=\"1024\" height=\"683\" srcset=\"https:\/\/2020.tallinnmusicweek.ee\/wp-content\/uploads\/2020\/08\/Kai-kunstikeskus-1024x683.jpg 1024w, https:\/\/2020.tallinnmusicweek.ee\/wp-content\/uploads\/2020\/08\/Kai-kunstikeskus-300x200.jpg 300w, https:\/\/2020.tallinnmusicweek.ee\/wp-content\/uploads\/2020\/08\/Kai-kunstikeskus-768x512.jpg 768w, https:\/\/2020.tallinnmusicweek.ee\/wp-content\/uploads\/2020\/08\/Kai-kunstikeskus-1536x1024.jpg 1536w, https:\/\/2020.tallinnmusicweek.ee\/wp-content\/uploads\/2020\/08\/Kai-kunstikeskus-2048x1365.jpg 2048w\" sizes=\"(max-width: 1024px) 100vw, 1024px\" \/><\/p>\n<p><strong>17.20 Temnikova &amp; Kasela galerii<\/strong> (Peetri 12)<br \/>\n<strong>Kaido Ole \u201eK\u00f5ik koos\u201c<\/strong><\/p>\n<p>Kaido Ole isikun\u00e4itus koosneb kolmest uuest teosest ja kolmest monumentaalmaalist, mida on varem eksponeeritud kunstniku isikun\u00e4itusel L\u00e4ti Rahvuslikus Kunstimuuseumis Riias 2019. aastal. Maaliseerias kujutab Ole end muuseumis t\u00f6\u00f6riietes panemas kokku n\u00e4itust, kuhu on kaasatud tema Eesti kolleegide, rahvusvaheliste kunstnike ja kaasaegsete klassikute t\u00f6\u00f6d. Koos varasemast loomingust tuttavate v\u00e4ljam\u00f5eldud tegelastega astub Ole maalidel \u00fcles kunstniku, kuraatori, installeerija ja muuseumidirektori rollides.<\/p>\n<p>Tallinna Neljap\u00e4eval tutvustab n\u00e4itust Temnikova &amp; Kasela galerii galerist Lilian Hiob.<\/p>\n<p><img loading=\"lazy\" class=\"alignnone wp-image-10448 size-large\" src=\"https:\/\/2020.tallinnmusicweek.ee\/wp-content\/uploads\/2020\/08\/TemnikovaKasela-1024x1024.jpg\" alt=\"\" width=\"1024\" height=\"1024\" srcset=\"https:\/\/2020.tallinnmusicweek.ee\/wp-content\/uploads\/2020\/08\/TemnikovaKasela-1024x1024.jpg 1024w, https:\/\/2020.tallinnmusicweek.ee\/wp-content\/uploads\/2020\/08\/TemnikovaKasela-300x300.jpg 300w, https:\/\/2020.tallinnmusicweek.ee\/wp-content\/uploads\/2020\/08\/TemnikovaKasela-150x150.jpg 150w, https:\/\/2020.tallinnmusicweek.ee\/wp-content\/uploads\/2020\/08\/TemnikovaKasela-768x768.jpg 768w, https:\/\/2020.tallinnmusicweek.ee\/wp-content\/uploads\/2020\/08\/TemnikovaKasela.jpg 1080w\" sizes=\"(max-width: 1024px) 100vw, 1024px\" \/><\/p>\n<p><strong>18.00 EKA galerii<\/strong> (P\u00f5hja puiestee 7)<br \/>\n<strong>Rahvusvaheline grupin\u00e4itus \u201eSarnasus kontakti kaudu. Graafika grammatika\u201c<\/strong><\/p>\n<p>N\u00e4ituse uurimuse keskmes on graafika kui protsess, mida hoiavad k\u00e4igus kontaktid vormide ja vastuvormide vahel ning nendest kohtumistest s\u00fcndiv sarnasuse pinge. N\u00e4itusetegijaid ei huvita sedav\u00f5rd tekkinud konkreetne kujutis paberil, t\u00f5mmis, kujund, maneer, vaid graafika v\u00f5ime tutvustada uut ruumi, mis tekib matriitsi ja multiplitseeritavuse vahel. P\u00f6\u00f6ratakse t\u00e4helepanu vormidele ja nende paljunemisele erinevate lausungite kaudu ning graafilise aktiviteedi avaldumisele post-distsiplinaarsel ajastul. N\u00e4itusel esinevad kunstnikud Euroopast ja Ameerikast.<\/p>\n<p>Tallinna Neljap\u00e4eval tutvustavad n\u00e4itust kuraatorid Liina Siib ja Maria Erikson EKA graafika osakonnast.<\/p>\n<p><img loading=\"lazy\" class=\"alignnone wp-image-10451 size-large\" src=\"https:\/\/2020.tallinnmusicweek.ee\/wp-content\/uploads\/2020\/08\/EKA-galerii-1-1024x536.jpg\" alt=\"\" width=\"1024\" height=\"536\" srcset=\"https:\/\/2020.tallinnmusicweek.ee\/wp-content\/uploads\/2020\/08\/EKA-galerii-1-1024x536.jpg 1024w, https:\/\/2020.tallinnmusicweek.ee\/wp-content\/uploads\/2020\/08\/EKA-galerii-1-300x157.jpg 300w, https:\/\/2020.tallinnmusicweek.ee\/wp-content\/uploads\/2020\/08\/EKA-galerii-1-768x402.jpg 768w, https:\/\/2020.tallinnmusicweek.ee\/wp-content\/uploads\/2020\/08\/EKA-galerii-1.jpg 1200w\" sizes=\"(max-width: 1024px) 100vw, 1024px\" \/><\/p>\n<p><strong>18.30 Juhan Kuusi Dokfoto Keskus<\/strong> (Telliskivi 60a)<br \/>\n<strong>Grupin\u00e4itus \u201eV\u00e4ljavaade \u2013 40 aastat t\u00e4navafotograafiat Eestis\u201c<\/strong><\/p>\n<p>Juhan Kuusi Dokfoto Keskuses on avatud esmakordselt Eestis kohaliku t\u00e4navafotograafia \u00fclevaaten\u00e4itus. Mahukal foton\u00e4itusel n\u00e4eb tabavaid hetki, juhuslikke situatsioone ja humoorikaid momente nii legendaarsetelt meistritelt kui ka veel avastamata autoritelt. N\u00e4itusel on \u00fcleval \u00fcle 90 teose 40 autorilt ja selle kuraatorid on Airi Leon, Kristel Aimee Laur, Tanel Verk ja Toomas J\u00e4rvet.\u00a0Tallinna Neljap\u00e4eva ajal on galeriis kohal v\u00e4hemalt \u00fcks n\u00e4ituse kuraatoritest ja v\u00e4hemalt \u00fcks n\u00e4itusel osalevatest kunstnikest.<\/p>\n<p><img loading=\"lazy\" class=\"alignnone wp-image-10454 size-large\" src=\"https:\/\/2020.tallinnmusicweek.ee\/wp-content\/uploads\/2020\/08\/Juhan-Kuusi-Dokfoto-Keskus-1-1024x768.jpg\" alt=\"\" width=\"1024\" height=\"768\" srcset=\"https:\/\/2020.tallinnmusicweek.ee\/wp-content\/uploads\/2020\/08\/Juhan-Kuusi-Dokfoto-Keskus-1-1024x768.jpg 1024w, https:\/\/2020.tallinnmusicweek.ee\/wp-content\/uploads\/2020\/08\/Juhan-Kuusi-Dokfoto-Keskus-1-300x225.jpg 300w, https:\/\/2020.tallinnmusicweek.ee\/wp-content\/uploads\/2020\/08\/Juhan-Kuusi-Dokfoto-Keskus-1-768x576.jpg 768w, https:\/\/2020.tallinnmusicweek.ee\/wp-content\/uploads\/2020\/08\/Juhan-Kuusi-Dokfoto-Keskus-1.jpg 1079w\" sizes=\"(max-width: 1024px) 100vw, 1024px\" \/><\/p>\n<p><strong>19.00 Galerii Positiiv<\/strong> (Roo 21a)<br \/>\n<strong>Kristel Schwede &amp; Kadri Pettai \u201eSilmab\u201c<\/strong><\/p>\n<p>Galerii Positiiv akendel avatud Kristel Schwede ja Kadri Pettai duon\u00e4itus heidab pilgu \u00e4\u00e4relinna maailma, kus igal majal on r\u00e4\u00e4kida nii mitu lugu, kui palju seal on olnud elanikke. Kristel Schwede on pildistanud maju, t\u00e4navaid ja majade vahele j\u00e4\u00e4vaid hoovialasid, mis t\u00e4isv\u00e4rviliseks t\u00f6\u00f6delduna m\u00f5juvad romaani illustratsioonidena. Majadele ja hoovidele sekundeerivad Kadri Pettai dramaatiliste varjudega taimefotod, lisades humoorikat p\u00f5nevust. Tallinna Neljap\u00e4eval on kohal m\u00f5lemad kunstnikud.<\/p>\n<p><img loading=\"lazy\" class=\"alignnone wp-image-10457 size-full\" src=\"https:\/\/2020.tallinnmusicweek.ee\/wp-content\/uploads\/2020\/08\/Positiiv-1.png\" alt=\"\" width=\"787\" height=\"591\" srcset=\"https:\/\/2020.tallinnmusicweek.ee\/wp-content\/uploads\/2020\/08\/Positiiv-1.png 787w, https:\/\/2020.tallinnmusicweek.ee\/wp-content\/uploads\/2020\/08\/Positiiv-1-300x225.png 300w, https:\/\/2020.tallinnmusicweek.ee\/wp-content\/uploads\/2020\/08\/Positiiv-1-768x577.png 768w\" sizes=\"(max-width: 787px) 100vw, 787px\" \/><br \/>\n<strong>19.30 Okapi galerii <\/strong>(Niguliste 2)<br \/>\n<strong><em>Pop-up<\/em> kunstim\u00fc\u00fcgip\u00e4ev<\/strong><\/p>\n<p>Okapi galeriis toimub <em>pop-up<\/em> kunstim\u00fc\u00fcgip\u00e4ev. Galeriis on v\u00e4ljas valik kaasaegsete foto- ja graafikakunstnike teosed, mida on v\u00f5imalik soovi korral galeriist soetada.<\/p>\n<p>Tallinna Neljap\u00e4eva puhul m\u00e4ngib galeriis muusikat DJ Tarrvi Laamann ja kohal on mitmed kunstnikud.<\/p>\n<figure id=\"attachment_10543\" aria-describedby=\"caption-attachment-10543\" style=\"width: 1024px\" class=\"wp-caption aligncenter\"><img loading=\"lazy\" class=\"size-large wp-image-10543\" src=\"https:\/\/2020.tallinnmusicweek.ee\/wp-content\/uploads\/2020\/08\/Okapi-galerii-1024x576.jpg\" alt=\"\" width=\"1024\" height=\"576\" srcset=\"https:\/\/2020.tallinnmusicweek.ee\/wp-content\/uploads\/2020\/08\/Okapi-galerii-1024x576.jpg 1024w, https:\/\/2020.tallinnmusicweek.ee\/wp-content\/uploads\/2020\/08\/Okapi-galerii-300x169.jpg 300w, https:\/\/2020.tallinnmusicweek.ee\/wp-content\/uploads\/2020\/08\/Okapi-galerii-768x432.jpg 768w, https:\/\/2020.tallinnmusicweek.ee\/wp-content\/uploads\/2020\/08\/Okapi-galerii.jpg 1366w\" sizes=\"(max-width: 1024px) 100vw, 1024px\" \/><figcaption id=\"caption-attachment-10543\" class=\"wp-caption-text\">Okapi galerii<\/figcaption><\/figure>\n<p><strong>20.00 Haus galerii <\/strong>(Uus 17)<br \/>\n<strong>Vano Allsalu \u201eLoodusest\u201c \/ Elvi Rangell \u201eElu on hea\u201c \/ Elina Laurinen \u201eV\u00e4rvi v\u00f5lud\u201c<\/strong><\/p>\n<p>Hausis saab galerii\u00f5htul n\u00e4ha kolme n\u00e4itust. Galerii \u00fclemisel korrusel on v\u00e4ljas Vano Allsalu isikun\u00e4itus \u201eLoodusest\u201c ja alumisel korrusel ootavad k\u00fclastajaid Elvi Rangelli v\u00e4ljapanek \u201eElu on hea\u201c ja Elina Laurineni \u201eV\u00e4rvi v\u00f5lud\u201c.<\/p>\n<p>Tallinna Neljap\u00e4eval tutvustab n\u00e4itusi Hausi galerist Piia Ausman.<\/p>\n<p><img loading=\"lazy\" class=\"alignnone wp-image-10460 size-large\" src=\"https:\/\/2020.tallinnmusicweek.ee\/wp-content\/uploads\/2020\/08\/Haus-1-690x1024.png\" alt=\"\" width=\"690\" height=\"1024\" srcset=\"https:\/\/2020.tallinnmusicweek.ee\/wp-content\/uploads\/2020\/08\/Haus-1-690x1024.png 690w, https:\/\/2020.tallinnmusicweek.ee\/wp-content\/uploads\/2020\/08\/Haus-1-202x300.png 202w, https:\/\/2020.tallinnmusicweek.ee\/wp-content\/uploads\/2020\/08\/Haus-1-768x1139.png 768w, https:\/\/2020.tallinnmusicweek.ee\/wp-content\/uploads\/2020\/08\/Haus-1-1035x1536.png 1035w, https:\/\/2020.tallinnmusicweek.ee\/wp-content\/uploads\/2020\/08\/Haus-1.png 1348w\" sizes=\"(max-width: 690px) 100vw, 690px\" \/><\/p>\n<p><strong>20.45 Vaal galerii<\/strong> (Tartu maantee 80L)<br \/>\n<strong>Piret Karro &amp; Laura P\u00f5ld \u201eAjan nahka\u201c<\/strong><\/p>\n<p>Vaal galeriis on v\u00e4ljas Laura P\u00f5llu joonistused ja installatsioon ning Piret Karro luule ja l\u00fchiproosa. \u201ejess, kedagi pole k\u00f6\u00f6gis, uus vaade, \/ uus seltskond, uus kodukord, korista, \u00e4ra korista, \/ kas sul pardlit on, mul polegi palju m\u00f6\u00f6blit vaja\u201c. Tallinna Neljap\u00e4eval toimub n\u00e4ituse avamis\u00fcritus.<\/p>\n<p>***<\/p>\n<p><strong>Valgusinstallatsioonid<\/strong><br \/>\n<strong>R, 28.08\u2013P, 30.08<\/strong><br \/>\nNoblessneri sadamalinnak, linnav\u00e4ljaku ja sadama akvatooriumi piirkond<\/p>\n<p>EKA tudengite valgusinstallatsioonid Noblessneris pakuvad festival aegu Krusensterni v\u00e4ljaku, Kai kunstikeskuse, PROTO avastustehase ja Valukoja vahelisel alal silmailu ja m\u00f5tteainet \u00f5htustele kultuurinautijatele. Installatsioonide asupaigad leiab voldiku vahel olevalt kaardilt.<\/p>\n<p><strong>Marianne J\u00f5gi: \u201eInterauraalne kontuur I\u201c <\/strong><br \/>\n<strong>R, 28.08\u2013P, 30.08, 12-18<\/strong><br \/>\nKai kunstikeskuse ees jahisadamas (Peetri 12)<\/p>\n<p>Noblessneri jahisadama alal saab n\u00e4ha ja kogeda Kai kunstikeskuse suveprojekti, Marianne J\u00f5gi teost \u201eInterauraalne kontuur I\u201d, mis loob l\u00f5\u00f5gastumist ja uute teadmiste omandamist soodustava keskkonna. Merelainetel loksuvat p\u00fcstkoda saadab helilooja \u00dclo Kriguli teos \u201eVesi ise\u201c.<\/p>\n<p><strong>Raul Meel: \u201eT\u00f5de ja \u00f5igus: vanad\u201c<\/strong><br \/>\n<strong>3.07\u2013P, 30.08<\/strong><br \/>\nTelliskivi Creative City Outdoor Gallery (Telliskivi 60a)<\/p>\n<p>TMW ajal on Telliskivi Loomelinnaku V\u00e4ligaleriis avatud Eesti avangardkunstniku Raul Meele n\u00e4itus \u201eT\u00f5de ja \u00f5igus: vanad\u201c, millel eksponeeritavas graafilises albumis k\u00e4sitleb autor Tammsaare kirjandusklassikat. N\u00e4ituse nautimiseks ei ole tarvilik Tammsaare teosega tuttav olla v\u00f5i eesti keelt m\u00f5ista \u2013 arusaam tekib ka pealiskaudsemal vaatlusel. N\u00e4ituse kujundus k\u00f5neleb vaikusest, seades k\u00fclastaja sisemaailma ja v\u00e4liskeskkonna m\u00f5nev\u00f5rra vastuollu ning t\u00f5ugates k\u00fcsima n\u00e4htu t\u00e4henduse \u00fcle.<\/p>\n<p><strong>Muumide pop-up pood ja foton\u00e4itused<\/strong><br \/>\n<strong>18.08\u2013P, 30.08<\/strong><br \/>\nFotografiska Tallinn (Telliskivi 60a &#8211; 8)<\/p>\n<p>18.\u201330. augustil avab Fotografiskas esmakordselt Eestis ametliku Muumimuuseumi pop-up kaupluse Tampere Muumimuuseum koos Tampere Talo poega. Poes pakutav t\u00f5stab esile Tove Janssoni originaalteoseid sisaldavat Muumimuuseumi v\u00e4ljapanekut ning m\u00fc\u00fcki tuleb hulk tooteid, mida pole v\u00f5imalik soetada kusagil mujal, sealhulgas plakateid, postkaare, tasse, teed ja \u0161okolaadi.<\/p>\n<p>Telliskivis Fotografiska Tallinnas on TMW ajal avatud ka neli fotokunstin\u00e4itust: tuntud Kanada muusiku Bryan Adamsi n\u00e4itus \u201eP\u00e4evavalgel\u201c, Lina Iris Viktori \u201eTume testament\u201c,Sebasti\u00e3o Salgado \u201eKuld\u201c ja Ignas Pavliukevi\u010diuse \u201eVeekindel s\u00fcda\u201c.<\/p>\n<p>Fotografiska k\u00fclastus TMW ajal on festivalipassi ja PRO passi omanikele soodustingimustel. Lisainfo kohapeal.<\/p>\n<p><strong>Audiovisuaalne kogemusr\u00e4nnak Nordic Escapes Lounge<\/strong><br \/>\n<strong>26.8 algusega kell 17\/18\/19\/20\/21\/22<\/strong><br \/>\n<strong>27.08 algusega kell 17\/18\/19\/20\/21\/22<\/strong><br \/>\n<strong>28.08 algusega kell 17\/18\/19\/20\/21\/22<\/strong><br \/>\nKinoMaja baar ja lava (Uus tn 3)<\/p>\n<p>Nordic Escapes Lounge on Kristjan J\u00e4rvi loodud ainulaadne kogemusr\u00e4nnak. Sind tervitavad lahked v\u00f5\u00f5rustajad, kes pakkudes Nordic Escapes tervitusjooki ja valikmen\u00fc\u00fc\u0308 p\u00f5genemisvarustusega. Kui oled valmis, sisened Sa Nescapes vibratsioonikambrisse &#8211; leiad end soojas kumas, \u00fcmbritsetuna helidest ja v\u00f5ngetest. Kui oled end mugavalt sisse seadnud ole meeliavardavaks r\u00e4nnuks valmis. Oled just astunud filmi, reaalsusesse, mille peategelaseks oled Sina.<\/p>\n<p>Glowing Bulbs\u2019i poolt loodud visuaal koos Kristjan J\u00e4rvi kureeritud Nordic Escapes playlistiga saadavad Sind 45 min pikkusele r\u00e4nnakule. Nordic Escapes muusikavalikusse kuulub muusika Kristjan J\u00e4rvi samanimeliselt uuelt albumilt, lisaks Robert Kochi, Max Richteri, Arvo P\u00e4rdi, Kerli, Billie Eilishi, Mick Pedaja jt muusikat.<\/p>\n<p>Lounge on avatud 26.-28. august 2020 kell 16.00 kuni hilis\u00f5htuni v\u00e4lja. Iga Nescapes\u2019i r\u00e4nnak algab t\u00e4istunnil alates kella 17-st kella 22-ni. P\u00e4evas on 5 seanssi. K\u00f5ik, kes soovivad rahulikult koos tervitusjookidega oma esimest r\u00e4nnakut alustada, tulge veidi enne t\u00e4istundi. Piletid s\u00fcndmusele Piletilevist v\u00f5i kohapealt.<\/p>\n<p>Korraldajad Sunbeam Productions, Full House Agency<\/p>\n"}]},"_links":{"self":[{"href":"https:\/\/2020.tallinnmusicweek.ee\/et\/wp-json\/wp\/v2\/pages\/1086"}],"collection":[{"href":"https:\/\/2020.tallinnmusicweek.ee\/et\/wp-json\/wp\/v2\/pages"}],"about":[{"href":"https:\/\/2020.tallinnmusicweek.ee\/et\/wp-json\/wp\/v2\/types\/page"}],"author":[{"embeddable":true,"href":"https:\/\/2020.tallinnmusicweek.ee\/et\/wp-json\/wp\/v2\/users\/1"}],"replies":[{"embeddable":true,"href":"https:\/\/2020.tallinnmusicweek.ee\/et\/wp-json\/wp\/v2\/comments?post=1086"}],"version-history":[{"count":83,"href":"https:\/\/2020.tallinnmusicweek.ee\/et\/wp-json\/wp\/v2\/pages\/1086\/revisions"}],"predecessor-version":[{"id":10857,"href":"https:\/\/2020.tallinnmusicweek.ee\/et\/wp-json\/wp\/v2\/pages\/1086\/revisions\/10857"}],"up":[{"embeddable":true,"href":"https:\/\/2020.tallinnmusicweek.ee\/et\/wp-json\/wp\/v2\/pages\/1071"}],"wp:featuredmedia":[{"embeddable":true,"href":"https:\/\/2020.tallinnmusicweek.ee\/et\/wp-json\/wp\/v2\/media\/7932"}],"wp:attachment":[{"href":"https:\/\/2020.tallinnmusicweek.ee\/et\/wp-json\/wp\/v2\/media?parent=1086"}],"curies":[{"name":"wp","href":"https:\/\/api.w.org\/{rel}","templated":true}]}}