{"id":1090,"date":"2016-12-25T21:02:31","date_gmt":"2016-12-25T19:02:31","guid":{"rendered":"http:\/\/188.166.60.220\/festival\/city-stage\/"},"modified":"2020-08-10T13:58:12","modified_gmt":"2020-08-10T10:58:12","slug":"linnalava","status":"publish","type":"page","link":"https:\/\/2020.tallinnmusicweek.ee\/et\/festival\/linnalava\/","title":{"rendered":"Linnalava"},"content":{"rendered":"","protected":false},"excerpt":{"rendered":"","protected":false},"author":1,"featured_media":5416,"parent":1071,"menu_order":0,"comment_status":"closed","ping_status":"closed","template":"template-modular.php","meta":{"_monsterinsights_skip_tracking":false,"_monsterinsights_sitenote_active":false,"_monsterinsights_sitenote_note":"","_monsterinsights_sitenote_category":0},"acf":{"modules":[{"acf_fc_layout":"lead","content":"<p><strong>27.\u201330. august 2020<\/strong><\/p>\n<p>&nbsp;<\/p>\n<p>Tasuta kontserdid tavatutes paikades \u00fcle linna.<\/p>\n<p>&nbsp;<\/p>\n"},{"acf_fc_layout":"regular_content","content":"<p>TMW 2020 linnalava kontsertide toimumispaigad on Viru Keskuse v\u00e4literass, Nordic Hotel Forum, Laagna kogukonnaaed, P\u00f5hjala Tehas ja Botik koost\u00f6\u00f6s Koplifestiga, disainib\u00fcroo Velvet, P\u00f5hjala Tap Room, Botik, Telia maja esine ja Sveta Baari \u00f5ueala.<\/p>\n<p><a href=\"https:\/\/2020.tallinnmusicweek.ee\/schedule?date=2020-08-27&amp;programme=city-festival\">Linnalava ajakava<\/a>.<\/p>\n<p><a href=\"https:\/\/2020.tallinnmusicweek.ee\/et\/2020\/08\/tmw-tasuta-linnalava-kontserdid-kutsuvad-avastama-ponevaid-paiku-kesklinnast-telliskivini-ja-lasnamaest-koplini\/\">07.08.2020 TMW tasuta linnalava kontserdid kutsuvad avastama p\u00f5nevaid paiku kesklinnast Telliskivini ja Lasnam\u00e4est Koplini<\/a><\/p>\n"},{"acf_fc_layout":"quote","content":"<p>\u201eOlen k\u00e4inud paljudel muusikafestivalidel, ent ei osanud ealeski arvata, et v\u00f5in end leida paljajalu kellegi kodus kontserti nautimas. Etteaste eel avanes ka v\u00f5imalus pere noorimalt t\u00fctrelt k\u00fcspsiseid ja kohvi osta. Tere tulemast Tallinn Music Weekile!\u201c<\/p>\n","name":"Laura Studarus, MTV Iggy (USA)"},{"acf_fc_layout":"hero","image":{"ID":5422,"id":5422,"title":"Velvet_CityStage","filename":"26218354315_89c71d301c_k.jpg","filesize":1596933,"url":"https:\/\/2020.tallinnmusicweek.ee\/wp-content\/uploads\/2016\/12\/26218354315_89c71d301c_k.jpg","link":"https:\/\/2020.tallinnmusicweek.ee\/et\/?attachment_id=5422","alt":"","author":"1","description":"","caption":"","name":"26218354315_89c71d301c_k-2","status":"inherit","uploaded_to":1155,"date":"2016-12-04 10:51:33","modified":"2016-12-04 10:51:33","menu_order":0,"mime_type":"image\/jpeg","type":"image","subtype":"jpeg","icon":"https:\/\/2020.tallinnmusicweek.ee\/wp-includes\/images\/media\/default.png","width":2048,"height":1365,"sizes":{"thumbnail":"https:\/\/2020.tallinnmusicweek.ee\/wp-content\/uploads\/2016\/12\/26218354315_89c71d301c_k-150x150.jpg","thumbnail-width":150,"thumbnail-height":150,"medium":"https:\/\/2020.tallinnmusicweek.ee\/wp-content\/uploads\/2016\/12\/26218354315_89c71d301c_k-300x200.jpg","medium-width":300,"medium-height":200,"medium_large":"https:\/\/2020.tallinnmusicweek.ee\/wp-content\/uploads\/2016\/12\/26218354315_89c71d301c_k-768x512.jpg","medium_large-width":768,"medium_large-height":512,"large":"https:\/\/2020.tallinnmusicweek.ee\/wp-content\/uploads\/2016\/12\/26218354315_89c71d301c_k-1024x683.jpg","large-width":1024,"large-height":683,"1536x1536":"https:\/\/2020.tallinnmusicweek.ee\/wp-content\/uploads\/2016\/12\/26218354315_89c71d301c_k.jpg","1536x1536-width":1536,"1536x1536-height":1024,"2048x2048":"https:\/\/2020.tallinnmusicweek.ee\/wp-content\/uploads\/2016\/12\/26218354315_89c71d301c_k.jpg","2048x2048-width":2048,"2048x2048-height":1365}},"content":"","size":"medium"},{"acf_fc_layout":"hero","image":{"ID":5410,"id":5410,"title":"25930947680_f44e3979ba_k","filename":"25930947680_f44e3979ba_k.jpg","filesize":1049456,"url":"https:\/\/2020.tallinnmusicweek.ee\/wp-content\/uploads\/2016\/12\/25930947680_f44e3979ba_k.jpg","link":"https:\/\/2020.tallinnmusicweek.ee\/et\/?attachment_id=5410","alt":"","author":"1","description":"","caption":"","name":"25930947680_f44e3979ba_k-2","status":"inherit","uploaded_to":1155,"date":"2016-12-04 10:51:29","modified":"2016-12-04 10:51:29","menu_order":0,"mime_type":"image\/jpeg","type":"image","subtype":"jpeg","icon":"https:\/\/2020.tallinnmusicweek.ee\/wp-includes\/images\/media\/default.png","width":2048,"height":1365,"sizes":{"thumbnail":"https:\/\/2020.tallinnmusicweek.ee\/wp-content\/uploads\/2016\/12\/25930947680_f44e3979ba_k-150x150.jpg","thumbnail-width":150,"thumbnail-height":150,"medium":"https:\/\/2020.tallinnmusicweek.ee\/wp-content\/uploads\/2016\/12\/25930947680_f44e3979ba_k-300x200.jpg","medium-width":300,"medium-height":200,"medium_large":"https:\/\/2020.tallinnmusicweek.ee\/wp-content\/uploads\/2016\/12\/25930947680_f44e3979ba_k-768x512.jpg","medium_large-width":768,"medium_large-height":512,"large":"https:\/\/2020.tallinnmusicweek.ee\/wp-content\/uploads\/2016\/12\/25930947680_f44e3979ba_k-1024x683.jpg","large-width":1024,"large-height":683,"1536x1536":"https:\/\/2020.tallinnmusicweek.ee\/wp-content\/uploads\/2016\/12\/25930947680_f44e3979ba_k.jpg","1536x1536-width":1536,"1536x1536-height":1024,"2048x2048":"https:\/\/2020.tallinnmusicweek.ee\/wp-content\/uploads\/2016\/12\/25930947680_f44e3979ba_k.jpg","2048x2048-width":2048,"2048x2048-height":1365}},"content":"","size":"medium"}]},"_links":{"self":[{"href":"https:\/\/2020.tallinnmusicweek.ee\/et\/wp-json\/wp\/v2\/pages\/1090"}],"collection":[{"href":"https:\/\/2020.tallinnmusicweek.ee\/et\/wp-json\/wp\/v2\/pages"}],"about":[{"href":"https:\/\/2020.tallinnmusicweek.ee\/et\/wp-json\/wp\/v2\/types\/page"}],"author":[{"embeddable":true,"href":"https:\/\/2020.tallinnmusicweek.ee\/et\/wp-json\/wp\/v2\/users\/1"}],"replies":[{"embeddable":true,"href":"https:\/\/2020.tallinnmusicweek.ee\/et\/wp-json\/wp\/v2\/comments?post=1090"}],"version-history":[{"count":44,"href":"https:\/\/2020.tallinnmusicweek.ee\/et\/wp-json\/wp\/v2\/pages\/1090\/revisions"}],"predecessor-version":[{"id":10283,"href":"https:\/\/2020.tallinnmusicweek.ee\/et\/wp-json\/wp\/v2\/pages\/1090\/revisions\/10283"}],"up":[{"embeddable":true,"href":"https:\/\/2020.tallinnmusicweek.ee\/et\/wp-json\/wp\/v2\/pages\/1071"}],"wp:featuredmedia":[{"embeddable":true,"href":"https:\/\/2020.tallinnmusicweek.ee\/et\/wp-json\/wp\/v2\/media\/5416"}],"wp:attachment":[{"href":"https:\/\/2020.tallinnmusicweek.ee\/et\/wp-json\/wp\/v2\/media?parent=1090"}],"curies":[{"name":"wp","href":"https:\/\/api.w.org\/{rel}","templated":true}]}}