{"id":1093,"date":"2016-12-25T21:05:55","date_gmt":"2016-12-25T19:05:55","guid":{"rendered":"http:\/\/188.166.60.220\/festival\/design-market\/"},"modified":"2019-12-08T15:55:09","modified_gmt":"2019-12-08T13:55:09","slug":"disain","status":"publish","type":"page","link":"https:\/\/2020.tallinnmusicweek.ee\/et\/festival\/disain\/","title":{"rendered":"Disain"},"content":{"rendered":"","protected":false},"excerpt":{"rendered":"","protected":false},"author":1,"featured_media":7541,"parent":1071,"menu_order":0,"comment_status":"closed","ping_status":"closed","template":"template-modular.php","meta":{"_monsterinsights_skip_tracking":false,"_monsterinsights_sitenote_active":false,"_monsterinsights_sitenote_note":"","_monsterinsights_sitenote_category":0},"acf":{"modules":[{"acf_fc_layout":"lead","content":"<p><b>25.\u201328. m\u00e4rts 2020<\/b><\/p>\n<p>&nbsp;<\/p>\n<p>P\u00f5hja-Tallinna disainipoodide ja -stuudiote ning vaatamisv\u00e4\u00e4rsuste tuurid.<\/p>\n"},{"acf_fc_layout":"regular_content","content":"<p><strong>TMW 2020 programm avalikustatakse veebruaris 2020.<\/strong><\/p>\n<p>TMW 2019 festivalil k\u00fclastati disainereid, kes l\u00e4htuvad oma toodete loomisel ringmajanduse p\u00f5him\u00f5tetest. Visiitidel <strong>Reet Ausi<\/strong>, <strong>Karl Annuse<\/strong> ja <strong>Stella Soomlaisi<\/strong> stuudiotesse sai kuulda l\u00e4hemalt nende loomisprotsessidest, sellest, miks j\u00e4tkusuutlik tootmine on nende jaoks kuum teema ja miks tasuks \u00fcha enam selles suunas vaadata.<\/p>\n<p>&nbsp;<\/p>\n<p>Avasta l\u00e4hemalt disainirikkaid kohti Tallinnas <a href=\"http:\/\/tallinn.design\/\" target=\"_blank\" rel=\"noopener\">Disainikaardi veebiversioonist<\/a>.<\/p>\n<p><a href=\"http:\/\/tallinn.design\/et\/places\/stella-soomlais-stuudio\/\" target=\"_blank\" rel=\"noopener\">Stella Soomlais Stuudio<\/a><br \/>\n<a href=\"http:\/\/tallinn.design\/et\/places\/reet-aus-2\/\" target=\"_blank\" rel=\"noopener\">Reet Aus<\/a><br \/>\n<a href=\"http:\/\/tallinn.design\/et\/places\/framed-by-karl\/\" target=\"_blank\" rel=\"noopener\">Framed by Karl<\/a><br \/>\n<a href=\"http:\/\/tallinn.design\/et\/places\/la-muu\/\" target=\"_blank\" rel=\"noopener\">La Muu kohvik<\/a><br \/>\n<a href=\"http:\/\/tallinn.design\/et\/places\/naaberhuud\/\" target=\"_blank\" rel=\"noopener\">Naaberhuud Stuudio<\/a><br \/>\n<a href=\"http:\/\/tallinn.design\/et\/places\/balti-jaama-turg\/\" target=\"_blank\" rel=\"noopener\">Balti Jaama Turg<\/a><br \/>\n<a href=\"http:\/\/tallinn.design\/et\/places\/teele-eesti-kasitoo-ja-disain\/\" target=\"_blank\" rel=\"noopener\">Teele<\/a><br \/>\n<a href=\"http:\/\/tallinn.design\/et\/places\/nuf-nuf-poodpuhvet\/\" target=\"_blank\" rel=\"noopener\">Nuf Nuf<\/a><br \/>\n<a href=\"http:\/\/tallinn.design\/et\/places\/nordic-design-home\/\" target=\"_blank\" rel=\"noopener\">Nordic Design Home<\/a><br \/>\n<a href=\"http:\/\/tallinn.design\/et\/places\/mokoko\/\" target=\"_blank\" rel=\"noopener\">Mokoko<\/a><br \/>\n<a href=\"http:\/\/tallinn.design\/et\/places\/tali\/\" target=\"_blank\" rel=\"noopener\">TALI<\/a><br \/>\n<a href=\"http:\/\/tallinn.design\/et\/places\/kalamaja-paberipood\/\" target=\"_blank\" rel=\"noopener\">Kalamaja paberipood<\/a><br \/>\n<a href=\"http:\/\/tallinn.design\/et\/places\/dadamora\/\" target=\"_blank\" rel=\"noopener\">Dadamora<\/a><br \/>\n<a href=\"http:\/\/tallinn.design\/et\/places\/valhalla-living\/\" target=\"_blank\" rel=\"noopener\">Valhalla<\/a><br \/>\n<a href=\"http:\/\/tallinn.design\/et\/places\/varkki\/\" target=\"_blank\" rel=\"noopener\">VARKKI<\/a><br \/>\n<a href=\"http:\/\/tallinn.design\/et\/places\/kelpman-textile\/\" target=\"_blank\" rel=\"noopener\">Kelpman textile<\/a><br \/>\n<a href=\"http:\/\/tallinn.design\/et\/places\/hans-kristian\/\" target=\"_blank\" rel=\"noopener\">Hans Kristian \/HKM<\/a><br \/>\n<a href=\"http:\/\/tallinn.design\/et\/places\/rattastuudio-jooks\/\" target=\"_blank\" rel=\"noopener\">Rattastuudio Jooks<\/a><br \/>\n<a href=\"http:\/\/tallinn.design\/et\/places\/kangasjuhe\/\" target=\"_blank\" rel=\"noopener\">Kangasjuhe<\/a><\/p>\n"},{"acf_fc_layout":"regular_content","content":""},{"acf_fc_layout":"regular_content","content":""}]},"_links":{"self":[{"href":"https:\/\/2020.tallinnmusicweek.ee\/et\/wp-json\/wp\/v2\/pages\/1093"}],"collection":[{"href":"https:\/\/2020.tallinnmusicweek.ee\/et\/wp-json\/wp\/v2\/pages"}],"about":[{"href":"https:\/\/2020.tallinnmusicweek.ee\/et\/wp-json\/wp\/v2\/types\/page"}],"author":[{"embeddable":true,"href":"https:\/\/2020.tallinnmusicweek.ee\/et\/wp-json\/wp\/v2\/users\/1"}],"replies":[{"embeddable":true,"href":"https:\/\/2020.tallinnmusicweek.ee\/et\/wp-json\/wp\/v2\/comments?post=1093"}],"version-history":[{"count":35,"href":"https:\/\/2020.tallinnmusicweek.ee\/et\/wp-json\/wp\/v2\/pages\/1093\/revisions"}],"predecessor-version":[{"id":8118,"href":"https:\/\/2020.tallinnmusicweek.ee\/et\/wp-json\/wp\/v2\/pages\/1093\/revisions\/8118"}],"up":[{"embeddable":true,"href":"https:\/\/2020.tallinnmusicweek.ee\/et\/wp-json\/wp\/v2\/pages\/1071"}],"wp:featuredmedia":[{"embeddable":true,"href":"https:\/\/2020.tallinnmusicweek.ee\/et\/wp-json\/wp\/v2\/media\/7541"}],"wp:attachment":[{"href":"https:\/\/2020.tallinnmusicweek.ee\/et\/wp-json\/wp\/v2\/media?parent=1093"}],"curies":[{"name":"wp","href":"https:\/\/api.w.org\/{rel}","templated":true}]}}