{"id":1101,"date":"2016-12-25T21:02:16","date_gmt":"2016-12-25T19:02:16","guid":{"rendered":"http:\/\/188.166.60.220\/festival\/music-festival\/"},"modified":"2020-11-19T02:12:54","modified_gmt":"2020-11-19T00:12:54","slug":"muusikafestival","status":"publish","type":"page","link":"https:\/\/2020.tallinnmusicweek.ee\/et\/festival\/muusikafestival\/","title":{"rendered":"Muusikafestival"},"content":{"rendered":"","protected":false},"excerpt":{"rendered":"","protected":false},"author":1,"featured_media":5412,"parent":1071,"menu_order":0,"comment_status":"closed","ping_status":"closed","template":"template-modular.php","meta":{"_monsterinsights_skip_tracking":false,"_monsterinsights_sitenote_active":false,"_monsterinsights_sitenote_note":"","_monsterinsights_sitenote_category":0},"acf":{"modules":[{"acf_fc_layout":"lead","content":"<p><strong>6.\u20138. mai 2021<\/strong><\/p>\n<p>&nbsp;<\/p>\n<p>TMW-l esinevad p\u00f5nevad artistid meilt ja mujalt ning muusikavalik ulatub eksperimentaalsest elektroonikast popini, tantsubiitidest metalini ja folgist n\u00fc\u00fcdisklassikani.<\/p>\n"},{"acf_fc_layout":"regular_content","content":"<p>Alates 2009. aastast igal kevadel Tallinnas toimuv TMW on tuntud \u00fche mitmekesisema ja julgema muusikavalikuga talendifestivalina kogu Euroopas, mille m\u00f5jul on p\u00e4lvinud rahvusvahelist t\u00e4helepanu ja v\u00f5imalusi paljud Eesti ja muude riikide muusikud. Festivali esinejad valitakse TMW muusikafestivali programmitiimi poolt, kuhu kuuluvad nii Eesti kui ka rahvusvaheliste muusikaorganisatsioonide esindajad ja erinevate \u017eanrite asjatundjad.<\/p>\n<p>TMW 2021 korraldatakse vastavalt antud perioodil avalikele \u00fcritustele kehtivatele reeglitele, mis aitavad v\u00e4ltida koroonaviiruse levitamist v\u00f5i sellesse nakatumist.<\/p>\n<p>TMW 2021 festivali passid on m\u00fc\u00fcgil TMW <a href=\"https:\/\/shop.tmw.ee\/\">veebipoes<\/a><\/p>\n<p><strong>Seotud uudised:<br \/>\n<\/strong><a href=\"https:\/\/2020.tallinnmusicweek.ee\/et\/2020\/11\/algas-esinemistaotluste-vastuvott-jargmise-aasta-tmw-festivalile-jargmine-festival-toimub-maikuus-2021\/\">17.11.2020 Algas esinemistaotluste vastuv\u00f5tt TMW 2021 festivalile<\/a><strong><br \/>\n<\/strong><\/p>\n<p>&nbsp;<\/p>\n<p><strong><br \/>\nTMW delegaatide ja publiku valitud artistiauhinna v\u00f5itjad l\u00e4bi aegade:<br \/>\n<\/strong><br \/>\n2018\u00a0Mart Avi,\u00a0Mari Kalkun,\u00a0Holy Motors<br \/>\n2017\u00a0Mart Avi,\u00a0Erki P\u00e4rnoja,\u00a0NO\u00cbP<br \/>\n2016\u00a0I Wear* Experiment<br \/>\n2015\u00a0Maarja Nuut<br \/>\n2014\u00a0Odd Hugo<br \/>\n2013\u00a0Elephants From Neptune<br \/>\n2012\u00a0Talbot<br \/>\n2011\u00a0Ewert and the Two Dragons<br \/>\n2010\u00a0Iiris<br \/>\n2009\u00a0Popidiot<\/p>\n<p><strong>TMW ja Telia publikuh\u00e4\u00e4letuse v\u00f5itjad\u00a0<\/strong><\/p>\n<p>2014: Metsakutsu (EE)<br \/>\n2015: BA (LT)<br \/>\n2016: Garbanotas Bosistas (LT)<br \/>\n2017: The Boondocks (EE)<\/p>\n<p><strong><br \/>\nT\u00e4helepanuv\u00e4\u00e4rsemaid festivalil esinenud v\u00e4lisartiste:<br \/>\n<\/strong><br \/>\nC Duncan\u00a0(UK)<br \/>\nVashti Bunyan\u00a0(UK)<br \/>\nGlen Matlock\u00a0(UK)<br \/>\nEric Copeland\u00a0(US)<br \/>\nKara-Lis Coverdale\u00a0(CA)<br \/>\nMotorama\u00a0(RU)<br \/>\nKate NV (RU)<br \/>\nShortparis\u00a0(RU)<br \/>\nKate Boy\u00a0(SE)<br \/>\nKimmo Pohjonen\u00a0(FI)<br \/>\nRubik\u00a0(FI)<br \/>\nLiima\u00a0(DK\/FI)<br \/>\nHauschka\u00a0(DE)<br \/>\nAlexander Hacke\u00a0(DE)<br \/>\nja paljud teised<\/p>\n<p>&nbsp;<\/p>\n<p><img loading=\"lazy\" class=\"alignnone size-large wp-image-1772\" src=\"https:\/\/2020.tallinnmusicweek.ee\/wp-content\/uploads\/2016\/12\/tmw-2016-kultuurikatel-1024x683.jpg\" alt=\"\" width=\"1024\" height=\"683\" srcset=\"https:\/\/2020.tallinnmusicweek.ee\/wp-content\/uploads\/2016\/12\/tmw-2016-kultuurikatel-1024x683.jpg 1024w, https:\/\/2020.tallinnmusicweek.ee\/wp-content\/uploads\/2016\/12\/tmw-2016-kultuurikatel-300x200.jpg 300w, https:\/\/2020.tallinnmusicweek.ee\/wp-content\/uploads\/2016\/12\/tmw-2016-kultuurikatel-768x512.jpg 768w, https:\/\/2020.tallinnmusicweek.ee\/wp-content\/uploads\/2016\/12\/tmw-2016-kultuurikatel.jpg 2048w\" sizes=\"(max-width: 1024px) 100vw, 1024px\" \/><\/p>\n"},{"acf_fc_layout":"quote","content":"<p>\u201eTallinn Music Week on muusikaline sulatusahi. Seda festivali eristab teistest omataolistest pakutava muusika haare: klassika, Estonian Voices, koorilaul, d\u017e\u00e4ss ja folk t\u00e4iendamas k\u00f5ikv\u00f5imalikke popi, rocki, metali, indie ja tantsumuusika avaldumisvorme.\u201d<\/p>\n<p>&nbsp;<\/p>\n<p>&nbsp;<\/p>\n","name":"The Arts Desk"}]},"_links":{"self":[{"href":"https:\/\/2020.tallinnmusicweek.ee\/et\/wp-json\/wp\/v2\/pages\/1101"}],"collection":[{"href":"https:\/\/2020.tallinnmusicweek.ee\/et\/wp-json\/wp\/v2\/pages"}],"about":[{"href":"https:\/\/2020.tallinnmusicweek.ee\/et\/wp-json\/wp\/v2\/types\/page"}],"author":[{"embeddable":true,"href":"https:\/\/2020.tallinnmusicweek.ee\/et\/wp-json\/wp\/v2\/users\/1"}],"replies":[{"embeddable":true,"href":"https:\/\/2020.tallinnmusicweek.ee\/et\/wp-json\/wp\/v2\/comments?post=1101"}],"version-history":[{"count":69,"href":"https:\/\/2020.tallinnmusicweek.ee\/et\/wp-json\/wp\/v2\/pages\/1101\/revisions"}],"predecessor-version":[{"id":10932,"href":"https:\/\/2020.tallinnmusicweek.ee\/et\/wp-json\/wp\/v2\/pages\/1101\/revisions\/10932"}],"up":[{"embeddable":true,"href":"https:\/\/2020.tallinnmusicweek.ee\/et\/wp-json\/wp\/v2\/pages\/1071"}],"wp:featuredmedia":[{"embeddable":true,"href":"https:\/\/2020.tallinnmusicweek.ee\/et\/wp-json\/wp\/v2\/media\/5412"}],"wp:attachment":[{"href":"https:\/\/2020.tallinnmusicweek.ee\/et\/wp-json\/wp\/v2\/media?parent=1101"}],"curies":[{"name":"wp","href":"https:\/\/api.w.org\/{rel}","templated":true}]}}