{"id":1105,"date":"2016-12-25T21:05:08","date_gmt":"2016-12-25T19:05:08","guid":{"rendered":"http:\/\/188.166.60.220\/festival\/talks\/"},"modified":"2020-11-16T20:38:32","modified_gmt":"2020-11-16T18:38:32","slug":"jutud","status":"publish","type":"page","link":"https:\/\/2020.tallinnmusicweek.ee\/et\/festival\/jutud\/","title":{"rendered":"TMW Jutud"},"content":{"rendered":"","protected":false},"excerpt":{"rendered":"","protected":false},"author":1,"featured_media":0,"parent":1071,"menu_order":0,"comment_status":"closed","ping_status":"closed","template":"template-modular.php","meta":{"_monsterinsights_skip_tracking":false,"_monsterinsights_sitenote_active":false,"_monsterinsights_sitenote_note":"","_monsterinsights_sitenote_category":0},"acf":{"modules":[{"acf_fc_layout":"twocol","col_first":"<p>TMW tasuta avalikud vestlused loovad areeni, kus ideed ja ideoloogiad omavahel s\u00f5bralikult ja julgelt p\u00f5rkuvad.<\/p>\n<p>&nbsp;<\/p>\n<p>&nbsp;<\/p>\n","col_second":"<p><strong><img loading=\"lazy\" class=\"alignnone wp-image-7938 size-large\" src=\"https:\/\/2020.tallinnmusicweek.ee\/wp-content\/uploads\/2019\/11\/47427902082_d30ccc2b63_k-1024x630.jpg\" alt=\"\" width=\"1024\" height=\"630\" srcset=\"https:\/\/2020.tallinnmusicweek.ee\/wp-content\/uploads\/2019\/11\/47427902082_d30ccc2b63_k-1024x630.jpg 1024w, https:\/\/2020.tallinnmusicweek.ee\/wp-content\/uploads\/2019\/11\/47427902082_d30ccc2b63_k-300x185.jpg 300w, https:\/\/2020.tallinnmusicweek.ee\/wp-content\/uploads\/2019\/11\/47427902082_d30ccc2b63_k-768x473.jpg 768w, https:\/\/2020.tallinnmusicweek.ee\/wp-content\/uploads\/2019\/11\/47427902082_d30ccc2b63_k-1536x945.jpg 1536w, https:\/\/2020.tallinnmusicweek.ee\/wp-content\/uploads\/2019\/11\/47427902082_d30ccc2b63_k.jpg 2048w\" sizes=\"(max-width: 1024px) 100vw, 1024px\" \/><\/strong><\/p>\n"},{"acf_fc_layout":"regular_content","content":"<p>TMW 2021 Jutud kuulutatakse v\u00e4lja 2021. aasta kevadel. Seni vaata, mida pakkus 2020. aasta.<\/p>\n<p>***<\/p>\n<p>V\u00f5tame luubi alla noore popip\u00f5lvkonna depressioonit\u00f6\u00f6stuse, otsime piire kultuurilise laenu, tribuudi ja omastamise vahel ning uurime, kuidas muusikaajalugu digitaristu ja plokiahela abil massidesse viia nii, et seda autoritelt \u00e4ra ei v\u00f5etaks. Lisaks osaleme Laagna kogukonnaaias Eesti venekeelse elanikkonna v\u00e4ljakutseid uuriva dokkfilmi seansil ja avalikul arutelul filmi tegijatega.<\/p>\n<p><strong>N, 27.08 16.30\u201317.30\u00a0<\/strong><br \/>\n<strong>Kadunud muusikat otsimas (eesti keeles) <\/strong><br \/>\n<strong>Terminal Records &amp; Bar (Telliskivi 60\/2):<\/strong><\/p>\n<p>Oma digikultuuri \u00fcle uhkust tundvas e-Eestis on endiselt olukord, kus v\u00e4ga suur osa meie muusikalisest p\u00e4randist on ligip\u00e4\u00e4setav ainult f\u00fc\u00fcsilisel kujul ning eeldab arhiivides ja fonoteekides leiduvate ainueksemplaride kurnamist. Ometi on olukorra parandamiseks vajalik digitaristu olemas ja uue muusika puhul aktiivselt kasutuses. Kas on aeg kogu Eesti muusikaajalugu Spotify\u2019sse laadida? Kas uuenduste tuules peaks ka autoritasude kogumise ja jaotamise n\u00e4iteks plokiahelat kasutades \u00fcmber tegema? Kas raha peaks jagama populaarsuse alusel nagu seni v\u00f5i tuleks igale loojale k\u00f5ik teenitud euro ja sendid v\u00e4lja maksta? Kuidas anda rahvale tagasi tema muusika nii et seda autoritelt \u00e4ra ei v\u00f5eta?<\/p>\n<p>Moderaator: J\u00fcri Muttika, ETV<br \/>\nPanelistid:<br \/>\nVaiko Eplik, muusik ja EA\u00dc juhatuse esimees<br \/>\nK\u00e4rt Nemvalts, Justiitsministeeriumi n\u00f5unik<br \/>\nMartin Adamsoo, digikultuuri teema-aasta projektijuht<br \/>\nVirgo Sillamaa, Music Estonia juht<\/p>\n<p><strong>R, 28.08 17.00\u201318.00\u00a0<\/strong><br \/>\n<strong>Laen v\u00f5i vargus? Kultuurilise omastamise kelmid ja p\u00fchakud (inglise keeles)<\/strong><br \/>\n<strong>Terminal Records &amp; Bar (Telliskivi 60\/2)<\/strong><\/p>\n<p>Viimaste aastak\u00fcmnete jooksul on popiplaneedi orbiit olulisel m\u00e4\u00e4ral muutunud ja uus kultuur\u00a0keerleb varasematest erinevate v\u00e4\u00e4rtushinnangute \u00fcmber. Ka p\u00f6\u00f6rlemise telg on teisenenud ja hetkel defineerivad seda n\u00e4iteks #MeToo ja #BlackLivesMatter. Nende m\u00f5jul annab \u00fcha enam tooni ka kultuuri(line) t\u00fchistamine. Popmuusika v\u00f5imukeskustes on juba ammu peetud tuliseid debatte selle \u00fcle, kus l\u00f5peb tribuut ja algab omastamine ning mis eristab kultuurilist laenu vargusest. Kohalike skenedeni j\u00f5udmisel v\u00f5ib osa sellest vaimsest l\u00e4hetusest kaduma minna. L\u00fchikeses perspektiivis annab see artistidele vabad k\u00e4ed ja teeb nende elu justkui lihtsamaks. Pikas perspektiivis v\u00f5ib aga omas mullis m\u00fcttamine sulgeda igaveseks uksed suurde muusikamaailma. Kuidas oma kultuurilist silmaringi avardades ja v\u00e4ljendusvahendeid valides saavutada avastaja mitte kolonisti roll?<\/p>\n<p>Panelistid:<br \/>\nYASMYN, muusik<br \/>\nLauri Pihlap, muusik<br \/>\nLinda Kaljundi, \u00a0EKA kunstiteaduse ja visuaalkultuuri instituudi kultuuriajaloo professor<br \/>\nIngrid Kohtla, TMW pressisuhete ja kommunikatsiooni juht<\/p>\n<p><strong>L, 29.08 17.30\u201318.30\u00a0<\/strong><br \/>\n<strong>Noore popip\u00f5lvkonna depressioonit\u00f6\u00f6stus (eesti keeles)<\/strong><br \/>\n<strong>Terminal Records &amp; Bar (Telliskivi 60\/2)<\/strong><\/p>\n<p>Ellu on astumas maailma ajaloo suurim p\u00f5lvkond, kes on ka k\u00f5ige enam teineteise eluilmadega l\u00f5imunud p\u00f5lvkond. Ehk oli interneti m\u00f5jul toimunud suur kultuuriline \u00fchtlustumine vajalik, et olla valmis koost\u00f6\u00f6ks neile p\u00e4randatud suurte mitmetahuliste probleemidega rinda pistmisel nagu n\u00e4iteks globaalsed pandeemiad. Edukatest PISA-testidest noorusea depressioonini, kliima\u00e4revusest digiutoopiateni \u2013 kuidas teha nii, et \u00f5nn ja r\u00f5\u00f5m saavutuste varjus \u00e4ra ei n\u00e4rtsiks? Kuidas kampaaniad nagu Suurim Julgus aitavad k\u00fcberkiusu probleemi m\u00e4rgata ja v\u00e4hendada? Kas viimasel k\u00fcmnendil esile kerkinud trend vaimse tervise muresid avalikult jagada on toonud noorte popmuusika peavoolu kaasa kurbuse feti\u0161i? Uus globaalne generatsioon on sild mineviku ja tuleviku vahel. Kui palju nad jaksavad kanda ja kas \u00fchiskond oskab neid murrangulistel aegadel tundmatuks tulevikuks ette valmistada?<\/p>\n<p>Panelistid:<br \/>\nKatrin Isotamm, Telia Eesti kommunikatsioonijuht<br \/>\nEde Schank-Tamkivi, antopoloog<br \/>\nNeit-Eerik Nestor, plaadifirma LAGI<br \/>\nNatalia W\u00f3jcik (FREMEN). muusik<\/p>\n<p><strong>P, 30.08 19.30\u201320.30<\/strong><br \/>\n<strong>LasnaKino: &#8220;14 k\u00e4\u00e4net&#8221;: avalik arutelu ja linastus\u00a0<\/strong><br \/>\n<strong>Laagna kogukonnaaed (V\u00f5ru 11)<\/strong><\/p>\n<p>Osana TMW p\u00fchap\u00e4evasest Lasnam\u00e4e programmist linastub Laagna kogukonnaaias Eesti venekeelsete laste ja nende vanemate v\u00e4ljakutseid uuriva dokkfilm \u201e14 k\u00e4\u00e4net\u201c. Linastusele eelneb eesti ja vene keeles avalik arutelu, milles osalevad filmi re\u017eiss\u00f6\u00f6r Marianna Kaat ja osat\u00e4itjad.<\/p>\n<p>TMW Lasnam\u00e4e programm saab teoks koost\u00f6\u00f6s Lasnam\u00e4e elanike \u00fchendusega MT\u00dc Lasnaidee. LasnaKino \u00fcritust toetab Briti N\u00f5ukogu.<\/p>\n"}]},"_links":{"self":[{"href":"https:\/\/2020.tallinnmusicweek.ee\/et\/wp-json\/wp\/v2\/pages\/1105"}],"collection":[{"href":"https:\/\/2020.tallinnmusicweek.ee\/et\/wp-json\/wp\/v2\/pages"}],"about":[{"href":"https:\/\/2020.tallinnmusicweek.ee\/et\/wp-json\/wp\/v2\/types\/page"}],"author":[{"embeddable":true,"href":"https:\/\/2020.tallinnmusicweek.ee\/et\/wp-json\/wp\/v2\/users\/1"}],"replies":[{"embeddable":true,"href":"https:\/\/2020.tallinnmusicweek.ee\/et\/wp-json\/wp\/v2\/comments?post=1105"}],"version-history":[{"count":84,"href":"https:\/\/2020.tallinnmusicweek.ee\/et\/wp-json\/wp\/v2\/pages\/1105\/revisions"}],"predecessor-version":[{"id":10859,"href":"https:\/\/2020.tallinnmusicweek.ee\/et\/wp-json\/wp\/v2\/pages\/1105\/revisions\/10859"}],"up":[{"embeddable":true,"href":"https:\/\/2020.tallinnmusicweek.ee\/et\/wp-json\/wp\/v2\/pages\/1071"}],"wp:attachment":[{"href":"https:\/\/2020.tallinnmusicweek.ee\/et\/wp-json\/wp\/v2\/media?parent=1105"}],"curies":[{"name":"wp","href":"https:\/\/api.w.org\/{rel}","templated":true}]}}