{"id":1124,"date":"2016-12-25T21:12:16","date_gmt":"2016-12-25T19:12:16","guid":{"rendered":"http:\/\/188.166.60.220\/about\/faq\/"},"modified":"2020-11-17T17:19:25","modified_gmt":"2020-11-17T15:19:25","slug":"kkk","status":"publish","type":"page","link":"https:\/\/2020.tallinnmusicweek.ee\/et\/festivalist\/kkk\/","title":{"rendered":"KKK"},"content":{"rendered":"","protected":false},"excerpt":{"rendered":"","protected":false},"author":1,"featured_media":1264,"parent":1035,"menu_order":0,"comment_status":"closed","ping_status":"closed","template":"template-modular.php","meta":{"_monsterinsights_skip_tracking":false,"_monsterinsights_sitenote_active":false,"_monsterinsights_sitenote_note":"","_monsterinsights_sitenote_category":0},"acf":{"modules":[{"acf_fc_layout":"regular_content","content":"<h2>Tallinn Music Weekil esinemine<\/h2>\n"},{"acf_fc_layout":"accordion","accordion_items":[{"title":"KUIDAS FESTIVALILE ESINEMA SAADA?","content":"<p>TMW programmitiim, mis koosneb Eesti ja v\u00e4lismaistest kuraatoritest, valib festivali esinejad laekunud esinemisavalduste seast. <a href=\"https:\/\/2020.tallinnmusicweek.ee\/et\/esinemisavaldused\/\">Lisainfo<\/a><\/p>\n"},{"title":"MINU B\u00c4ND KANDIDEERIS. MILLAL SAAME TEADA, KAS MEID ON PROGRAMMI VALITUD?","content":"<p>Programmi koostamine algab kohe p\u00e4rast avalduste esitamise t\u00e4htaega. Kontakteerume teiega e-maili teel, et teada anda, kas teie \/ teie esindatav artist on festivali esinejate nimekirja kinnitatud. Ka need artistid, keda programmi ei valitud, saavad e-maili teel teate.<\/p>\n"},{"title":"MINU B\u00c4ND ON SAANUD PALJU T\u00c4HELEPANU JA ME OLEME V\u00c4GA HEAD. MIKS MEID EI VALITUD TMW-il M\u00c4NGIMA?","content":"<p>Esinemisavaldusi laekub u 10 korda rohkem, kui muusikaprogramm mahutab ning programmitiimil tuleb paratamatult raskeid otsuseid langetada. Asjaolud, mis otsust v\u00f5ivad m\u00f5jutada: esinemiskogemus, kunstiline tase, esindatav \u017eanr jms. Programmi mitte p\u00e4\u00e4senud kandideerijad on teretulnud avaldust esitama ka j\u00e4rgmisel aastal, sest programmitiim j\u00e4tab meelde ka festivali kavast v\u00e4lja j\u00e4\u00e4nud artistid, keda peaks l\u00e4hemalt uurima ning m\u00f5nikord valitakse artist TMW-le alles kolmandal v\u00f5i neljandal katsel.<\/p>\n"},{"title":"KAS TMW ON AINULT EESTI ARTISTIDE JAOKS?","content":"<p>Ei, TMW on avatud kogu maailma artistidele. Kuna festivali oluliseks eesm\u00e4rgiks on edendada ja tutvustada Eesti uusi t\u00e4helepanuv\u00e4\u00e4rseid artiste, on k\u00f5ige enam TMW esinejaid reeglina Eestist, kuid v\u00e4hemalt 30 protsenti festivali l\u00f5plikust esinejate nimekirjast koosneb v\u00e4lismaistest artistidest.<\/p>\n"},{"title":"ARVASIN, ET TMW ON AINULT UUTE ARTISTIDE JAOKS. MIKS AGA ESINEB B\u00c4ND X?","content":"<p>Me ei ole kunagi v\u00f5tnud eesm\u00e4rgiks esitleda vaid uusi artiste, kuigi aastate jooksul oleme neid omajagu esitlenud. Meie peamine eesm\u00e4rk on esitleda artiste, kes on p\u00f5nevad ja aktuaalsed nii kohalikule kui ka rahvusvahelisele muusikat\u00f6\u00f6stusele ja publikule.<\/p>\n"},{"title":"MILLAL KUULUTATAKSE ESINEJAD V\u00c4LJA?","content":"<p>TMW programm kuulutatakse reeglina v\u00e4lja hiljemalt kaks kuud enne festivali.<\/p>\n"},{"title":"KAS KEEGI ARTISTIDEST SAAB FESTIVALIL ESINEMISE EEST HONORARI?","content":"<p>TMW ei maksa reeglina esinemistasu \u00fchelegi artistile ega kata ka esinejate reisikulusid, v\u00e4lja arvatud m\u00f5nele nimekale rahvusvahelisele artistile, kes valitakse programmi esinemisavalduste v\u00e4liselt. Kogu kontsertidest laekuv piletitulu (mis moodustab umbes 10 protsenti festivali rahastusest) ning teised era- ja avalikud ressursid on vajalikud j\u00e4rgmiste kulude katmiseks: kontserdipaigad, heli ja valgus, konverents, kutsutud delegaatide reisikulud ja majutus, turundus, produktsioon jms.<\/p>\n<p>TMW festival loodi eesm\u00e4rgiga aidata arendada muusikute arengut ja tutvustada publikule head muusikat. Seniks kui leidub artiste, kes peavad TMW-i enda jaoks kasulikuks ettev\u00f5tmiseks, oleme r\u00f5\u00f5muga valmis seda korraldama.<\/p>\n"}]},{"acf_fc_layout":"regular_content","content":"<h2>Kontsertide k\u00fclastamine<\/h2>\n"},{"acf_fc_layout":"accordion","accordion_items":[{"title":"MIS ON FESTIVALIK\u00dcLASTAJATE VANUSEPIIRANG?","content":"<p>TMW teeb koost\u00f6\u00f6d Tallinna klubide, kontserdipaikade ja promootoritega. Nagu k\u00f5ik teised kohalikud \u00fcrituskorraldajad, peame ka meie j\u00e4rgima Eesti Vabariigi seadust. Suurem enamus kontserdipaikadest m\u00fc\u00fcvad alkoholi ega tohi sisse lubada alaealisi kliente. \u00dcldreegel n\u00e4eb ette, et kontserdipaigad, mis on avatud p\u00e4rast kella 23.00, on vanusepiiranguga 18 eluaastat.<\/p>\n<p>Festivali kavas on ka linnalava kontserdid, mis toimuvad p\u00e4evasel ajal erinevates paikades (kohvikud, kaubanduskeskused, poekesed ja galeriid jne) \u00fcle linna, mis on avatud k\u00f5igile ja t\u00e4iesti tasuta.<\/p>\n"},{"title":"KUS TMW TOIMUB?","content":"<p>Toimumispaikade \u00fclevaade avalikustatakse hiljemalt kuu enne festivali TMW veebis.<\/p>\n"},{"title":"KUIDAS TOIMIB PILETIS\u00dcSTEEM? KAS MA PEAN OSTMA \u00dcHEP\u00c4EVAPASSI\/FESTIVALIPASSI V\u00d5I SAAN OSTA \u00dcKSIKPILETID KONTSERTIDELE, MIDA TAHAN K\u00dcLASTADA?","content":"<p>\u00dcksikasjaliku info piletite ja passide kohta leiad <a href=\"https:\/\/2020.tallinnmusicweek.ee\/et\/piletid-ja-passid\/\">SIIT<\/a><\/p>\n"},{"title":"KUST SAAN PILETEID OSTA?","content":"<p>Eri t\u00fc\u00fcpi passid on m\u00fc\u00fcgil TMW <a href=\"http:\/\/shop.tmw.ee\">veebipoes<\/a> ja \u00fcksikpiletid Piletilevis. \u00dcldjuhul on \u00fcksikpiletid m\u00fc\u00fcgil Piletilevis alates kogu programmi v\u00e4ljakuulutamisest ning kui \u00fcritus pole varem v\u00e4lja m\u00fc\u00fcdud, siis ka selle toimumis\u00f5htul kontserdipaigas. Festivalipassid peab eelnevalt k\u00e4epaela vastu vahetama TMW infopunktides.<\/p>\n"},{"title":"KUS SAAN VAHETADA PASSI K\u00c4EPAELA VASTU?","content":"<p>Festivalipass tuleb v\u00e4lja vahetada festivali k\u00e4epaela vastu. Vahetuskohad \/ infopunktid avalikustatakse TMW veebilehel enne festivali.<\/p>\n"},{"title":"KAS MU FESTIVALIPASS\/\u00dcKSIKPILET TAGAB SISSEP\u00c4\u00c4SU X KONTSERDILE?","content":"<p>Ei, kui kontserdi toimumispaik on t\u00e4is. Saame tagada seda, et alati on ruumi \u00fches kontserdipaikadest, kuid mitte k\u00f5igis ja pidevalt, ise\u00e4ranis klubides, mis mahutavad vaid 50-100 inimest. Kuid festivalipasside omanikel ja eelm\u00fc\u00fcgist \u00fcksikpileti ostnuil on \u00f5igus eelisj\u00e4rjekorras klubisse p\u00e4\u00e4seda.<\/p>\n<p>Kui tegemist on esinejaga, keda tahad kindlasti n\u00e4ha, tule lihtsalt aegsasti kohale. Liiklus kontserdipaikade vahel on reeglina \u00fcsna tihe, seega kui \u00fche b\u00e4ndi kontserdi ajal on klubi t\u00e4is, siis on v\u00f5imalik, et suur osa publikust lahkub p\u00e4rast nende esinemist ja sul on v\u00f5imalus n\u00e4ha j\u00e4rgmist b\u00e4ndi, seega v\u00f5ib j\u00e4rjekorras seismine ennast \u00e4ra tasuda. Kavas on reeglina ka artiste, kes esinevad kaks korda v\u00f5i astuvad lisaks p\u00f5hiprogrammile \u00fcles ka tasuta linnalava kavas.<\/p>\n"}]},{"acf_fc_layout":"regular_content","content":"<h2>Konverents<\/h2>\n"},{"acf_fc_layout":"accordion","accordion_items":[{"title":"KAS TMW ON FESTIVAL V\u00d5I KONVERENTS?","content":"<p>M\u00f5lemad. Lisaks ka linnafestival, mille kavast leiab nii tasuta p\u00e4evaseid kontserte, avalikke arutelusid, kunstiprogrammi, laste t\u00f6\u00f6tube ja erinevaid tegevusi avalikus linnaruumis.<\/p>\n"},{"title":"KUS TOIMUB TMW KONVERENTS?","content":"<p><a href=\"https:\/\/www.artun.ee\" target=\"_blank\" rel=\"noopener\">Eesti Kunstiakadeemias<\/a><\/p>\n"},{"title":"KES SAAVAD KONVERENTSIL OSALEDA?","content":"<p>Konverents on avatud k\u00f5igile huvilistele. Konverentsil osalemiseks peab olema registreeritud PRO delegaat ning registreerimistasu peab olema eelnevalt tasutud. K\u00f5ik TMW-il esinevad artistid saavad vabap\u00e4\u00e4sme nii muusikafestivalile kui ka konverentsile.<\/p>\n"},{"title":"KUS ASUB DELEGAATIDE REGISTRATUUR JA MIS AEGADEL ON SEE AVATUD?","content":"<p>Delegaadid saavad oma k\u00e4epaela\/passi k\u00e4tte TMW infolauast.<\/p>\n"},{"title":"SOOVIKSIN OSALEDA PAARIL PANEELIL. KAS SINNA ON V\u00d5IMALIK P\u00c4\u00c4SEDA KA ILMA KONVERENTSI JA FESTIVALI \u00dcHISPASSITA?","content":"<p>Festivali eel tulevad m\u00fc\u00fcki ka eraldi p\u00e4evade konverentsipassid. J\u00e4lgi infot shop.tmw.ee<\/p>\n"},{"title":"KAS PRO PASS V\u00d5IMALDAB GRUPI-,  \u00d5PILASE V\u00d5I MINGISUGUST MUUD SOODUSTUST?","content":"<p>TMW pakub varase registreerija soodustust ning saadaval on ka piiratud kogus \u00f5pilaste ja \u00fcli\u00f5pilaste passe 50% soodustusega k\u00f5ikidest hindadest.<\/p>\n"},{"title":"MIDA SISALDAB PRO PASS?","content":"<p>P\u00e4\u00e4su konverentsialale, kus nii Eesti kui ka v\u00e4lisriikide delegaadid kogunevad, k\u00f5ikidele seminaridele ja teisele TMW \u00fcritustele. Pass v\u00f5imaldab ka eelisj\u00e4rjekorras p\u00e4\u00e4su k\u00f5ikidesse festivali kontserdipaikadesse. <a href=\"https:\/\/2020.tallinnmusicweek.ee\/et\/piletid-ja-passid\/\">Lisainfo\u00a0<\/a><\/p>\n"},{"title":"KAS TMW-l ESINEVAID ARTISTE LASTAKSE KONVERENTSILE?","content":"<p>K\u00f5ik TMW-il esinevad artistid ja nende esindajad (reeglina managerid) saavad vabap\u00e4\u00e4sme nii muusikafestivalile kui ka konverentsile.<\/p>\n"},{"title":"SOOVIKSIN OSTA REKLAAMI TEIE TURUNDUSMATERJALIDESSE. KELLEGA PEAKSIN  \u00dcHENDUST V\u00d5TMA?","content":"<p>Palun saata e-mail aadressile advertising@tmw.ee v\u00f5i helistada numbril +372 672 6608.<\/p>\n"}]},{"acf_fc_layout":"regular_content","content":"<h2>Varia<\/h2>\n"},{"acf_fc_layout":"accordion","accordion_items":[{"title":"KES KORRALDAB TMW-i?","content":"<p>TMW korraldaja on ettev\u00f5te Shiftworks O\u00dc koos paljude kaaskorraldajatega. TMW strateegiline partner muusikavaldkonnas on Music Estonia.<\/p>\n"},{"title":"KUIDAS ON \u00dcRITUS RAHASTATUD?","content":"<p>\u00dcritust rahastatakse mitmete avalike toetajate ja erasponsorite abiga.<\/p>\n"},{"title":"SOOVIKSIN T\u00d6\u00d6TADA TMW-il. KAS MA SAAN ENNAST VABATAHTLIKUNA KIRJA PANNA?","content":"<p>Jah. Festivali eel ja selle toimumise ajal vajame mitmel rindel abik\u00e4si. T\u00f6\u00f6 ise on \u00fcldjuhul seotud abistamisega festivali turundamisel, seminaridega, piletim\u00fc\u00fcgiga, produktsiooniga kontserdipaikades, logistikaga, transpordiga, artistide v\u00f5\u00f5rustamisega jne. Vabatahtlikud saavad tasuta p\u00e4\u00e4sme k\u00f5ikidele TMW \u00fcritustele festivali ajal. Lisainfo: <a href=\"mailto:volunteers@tmw.ee\">volunteers@tmw.ee<\/a><\/p>\n"}]}]},"_links":{"self":[{"href":"https:\/\/2020.tallinnmusicweek.ee\/et\/wp-json\/wp\/v2\/pages\/1124"}],"collection":[{"href":"https:\/\/2020.tallinnmusicweek.ee\/et\/wp-json\/wp\/v2\/pages"}],"about":[{"href":"https:\/\/2020.tallinnmusicweek.ee\/et\/wp-json\/wp\/v2\/types\/page"}],"author":[{"embeddable":true,"href":"https:\/\/2020.tallinnmusicweek.ee\/et\/wp-json\/wp\/v2\/users\/1"}],"replies":[{"embeddable":true,"href":"https:\/\/2020.tallinnmusicweek.ee\/et\/wp-json\/wp\/v2\/comments?post=1124"}],"version-history":[{"count":10,"href":"https:\/\/2020.tallinnmusicweek.ee\/et\/wp-json\/wp\/v2\/pages\/1124\/revisions"}],"predecessor-version":[{"id":10922,"href":"https:\/\/2020.tallinnmusicweek.ee\/et\/wp-json\/wp\/v2\/pages\/1124\/revisions\/10922"}],"up":[{"embeddable":true,"href":"https:\/\/2020.tallinnmusicweek.ee\/et\/wp-json\/wp\/v2\/pages\/1035"}],"wp:featuredmedia":[{"embeddable":true,"href":"https:\/\/2020.tallinnmusicweek.ee\/et\/wp-json\/wp\/v2\/media\/1264"}],"wp:attachment":[{"href":"https:\/\/2020.tallinnmusicweek.ee\/et\/wp-json\/wp\/v2\/media?parent=1124"}],"curies":[{"name":"wp","href":"https:\/\/api.w.org\/{rel}","templated":true}]}}