{"id":1191,"date":"2017-01-17T14:10:08","date_gmt":"2017-01-17T12:10:08","guid":{"rendered":"http:\/\/188.166.60.220\/tmw-brand-2017\/"},"modified":"2017-02-01T05:58:37","modified_gmt":"2017-02-01T03:58:37","slug":"brand-2017","status":"publish","type":"page","link":"https:\/\/2020.tallinnmusicweek.ee\/et\/brand-2017\/","title":{"rendered":"Br\u00e4nd 2017"},"content":{"rendered":"","protected":false},"excerpt":{"rendered":"","protected":false},"author":2,"featured_media":997,"parent":0,"menu_order":0,"comment_status":"closed","ping_status":"closed","template":"template-modular.php","meta":{"_monsterinsights_skip_tracking":false,"_monsterinsights_sitenote_active":false,"_monsterinsights_sitenote_note":"","_monsterinsights_sitenote_category":0},"acf":{"modules":[{"acf_fc_layout":"lead","content":"<p>TMW 2017 kujunduse l\u00e4hte\u00fclesanne oli visualiseerida v\u00f5imalikult tabavalt ja kujundlikult t\u00e4navuse festivali kandvad teemad \u2013 j\u00e4tkusuutlik areng ning sellega seotud valdkonnad keskkonnas\u00e4\u00e4stlikkusest linnaarenguni ja kogukondade \u00fchendamisest v\u00f5rd\u00f5iguslikkuse edendamiseni.<\/p>\n"},{"acf_fc_layout":"regular_content","content":"<h3>Identiteet<\/h3>\n<p>Portaalide s\u00fcmbolil p\u00f5hineva kujunduse autoriks on disainer <strong>Mariana Hint-R\u00e4\u00e4k<\/strong>, kelle portfoolio sisaldab nii sisaldab nii terviklikke visuaalseid identiteete kui erinevaid projekte raamatukujundusest rahvusvaheliselt auhinnatud v\u00e4ikemaja KODA disainini.<\/p>\n<p>Mariana s\u00f5nul sai TMW visuaali s\u00fcnnilugu alguse liikumisest festivali erinevate tasandite ja kihtide vahel: \u201e<em>P\u00f5hielemendiks on portaalide kujund, mis t\u00e4histab liikumist festivali erksast fassaadist s\u00fcgavamale. Festivali k\u00fclastaja jaoks on TMW pealiskihiks tiheda ja ajaviitelise programmi \u2013 muusikast disaini ja toiduelamusteni \u2013 nautimine, mille taga on aga s\u00fcgavam m\u00f5te ja m\u00f5ju. K\u00f5ik need kirevad programmit\u00fckid koondavad ja edastavad \u00fchtaegu nii mitmetahulist ja erinevaile v\u00e4ljendusviisidele avatud meelelahutust kui iseendale ausalt silma vaatavat \u00fchiskondlikke protsesside p\u00f5hjuslikku anal\u00fc\u00fcsi<\/em>.\u201c<\/p>\n<p>Festivalile linnaruumis tuntava n\u00e4o andmiseks j\u00e4tkab ka uus tunnuskujundus juba traditsiooniks saanud kahev\u00e4rvi-kombinatsiooni. P\u00f5hitoonideks on ergas roosa-punane ning selle intensiivsust tasakaalustav, vahendav ja siduv hall.<\/p>\n"},{"acf_fc_layout":"regular_content","content":"<h3>Illustratsioon<\/h3>\n<p>Kujundust kandvate portaalide taga avaneva illustratsioonikihi l\u00f5i graafiline disainer ja t\u00e4navakunstnik <strong>Viktor<\/strong> <strong>Gurov<\/strong>. Festivali veebi ja muude kanalite valdavalt teksti- ja fotop\u00f5hisest teabest eristumiseks ning s\u00e4rava pealispinna all peituva mitmekihilisuse ja pungiliku \u201etee-seda-ise\u201c eetika r\u00f5hutamiseks rakendas Gurov illustratsiooni loomisel abstraktsema tunnetusega keelt, kasutades t\u00f6\u00f6vahenditeks erinevaid k\u00e4ep\u00e4raseid objekte nagu lusikas, rohuliblepintsel, paberinuga, n\u00f5udepesu\u0161vamm, tuletikk ning tahvlimarker.<\/p>\n"},{"acf_fc_layout":"regular_content","content":"<h3>Kirjat\u00fc\u00fcp<\/h3>\n<p>Koos uue kujundusega v\u00f5ttis TMW kasutusele uue ametliku kirjat\u00fc\u00fcbi <strong>GT Eesti<\/strong>. Rahvusvahelise t\u00e4hedisainerite r\u00fchmituse <a href=\"https:\/\/www.grillitype.com\/\" target=\"_blank\">Grilli Type<\/a> poolt disainer <strong>Reto Moseri<\/strong> juhtimisel loodud kirjat\u00fc\u00fcp on tuletatud muuhulgas nii k\u00fclma s\u00f5ja aegsest graafilisest fenomenist \u201eZhurnalnaya Roublennaya\u201c kui N\u00f5ukogude Eesti lasteraamatutest, olles samas festivalile omaselt moodne ja d\u00fcnaamiline. Festivali veebi ja muude infokanalite mitmekeelset sisu arvesse v\u00f5ttes on kirjat\u00fc\u00fcbi valikus esindatud nii ladina t\u00e4hestik kui kirillitsa.<\/p>\n"},{"acf_fc_layout":"regular_content","content":"<h3>Veeb<\/h3>\n<p>TMW uus veebileht s\u00fcndis disainib\u00fcroos <strong>Velvet<\/strong>. Peamiseks l\u00e4hte\u00fclesandeks oli kujundada veebist asjalik abimees nii s\u00fcndmusterohke linnafestivali k\u00fclastajaile kui sellel osalevatele delegaatidele ja artistidele, v\u00f5imaldades h\u00f5lpsat navigeerimist nii festivali programmiosade, esinejate tutvustuste ja veebipoe vahel. Veeb j\u00e4rgib visuaali \u00fcldist loogikat, koosnedes eri kihtidest ja portaalidest, mis v\u00f5imaldavad piiluda s\u00fcgavamale pinna alla.<\/p>\n"}]},"_links":{"self":[{"href":"https:\/\/2020.tallinnmusicweek.ee\/et\/wp-json\/wp\/v2\/pages\/1191"}],"collection":[{"href":"https:\/\/2020.tallinnmusicweek.ee\/et\/wp-json\/wp\/v2\/pages"}],"about":[{"href":"https:\/\/2020.tallinnmusicweek.ee\/et\/wp-json\/wp\/v2\/types\/page"}],"author":[{"embeddable":true,"href":"https:\/\/2020.tallinnmusicweek.ee\/et\/wp-json\/wp\/v2\/users\/2"}],"replies":[{"embeddable":true,"href":"https:\/\/2020.tallinnmusicweek.ee\/et\/wp-json\/wp\/v2\/comments?post=1191"}],"version-history":[{"count":2,"href":"https:\/\/2020.tallinnmusicweek.ee\/et\/wp-json\/wp\/v2\/pages\/1191\/revisions"}],"predecessor-version":[{"id":1408,"href":"https:\/\/2020.tallinnmusicweek.ee\/et\/wp-json\/wp\/v2\/pages\/1191\/revisions\/1408"}],"wp:featuredmedia":[{"embeddable":true,"href":"https:\/\/2020.tallinnmusicweek.ee\/et\/wp-json\/wp\/v2\/media\/997"}],"wp:attachment":[{"href":"https:\/\/2020.tallinnmusicweek.ee\/et\/wp-json\/wp\/v2\/media?parent=1191"}],"curies":[{"name":"wp","href":"https:\/\/api.w.org\/{rel}","templated":true}]}}