{"id":1438,"date":"2017-02-01T07:05:23","date_gmt":"2017-02-01T05:05:23","guid":{"rendered":"https:\/\/2020.tallinnmusicweek.ee\/?page_id=1438\/"},"modified":"2020-11-16T20:42:24","modified_gmt":"2020-11-16T18:42:24","slug":"lasteprogramm","status":"publish","type":"page","link":"https:\/\/2020.tallinnmusicweek.ee\/et\/festival\/lasteprogramm\/","title":{"rendered":"Lasteprogramm"},"content":{"rendered":"","protected":false},"excerpt":{"rendered":"","protected":false},"author":2,"featured_media":8832,"parent":1071,"menu_order":0,"comment_status":"closed","ping_status":"closed","template":"template-modular.php","meta":{"_monsterinsights_skip_tracking":false,"_monsterinsights_sitenote_active":false,"_monsterinsights_sitenote_note":"","_monsterinsights_sitenote_category":0},"acf":{"modules":[{"acf_fc_layout":"lead","content":"<p>L\u00f5busad ja harivad muusikat\u00f6\u00f6toad lastele vanuses 7-16.<\/p>\n<p>&nbsp;<\/p>\n"},{"acf_fc_layout":"regular_content","content":"<p>TMW 2021 programm kuulutatakse v\u00e4lja 2021. aasta kevadel. Seni vaata, mida pakkus 2020. aasta.<\/p>\n<p>***<\/p>\n<p>Laup\u00e4eval, 29. augustil kell 11.30-15.00 toimuvad Telliskivi Vivistop keskuses TMW lasteprogrammi t\u00f6\u00f6toad, kus \u00f5pitakse muuhulgas puidust kitarri ehitama, plaate ja parmupilli m\u00e4ngima. Juhendajateks on teiste seas <strong>Heidy Purga<\/strong>,\u00a0<strong>meisterjaan, Marten Altrov<\/strong> ja<strong> Sven-Sander \u0160estakov<\/strong>. T\u00f6\u00f6tubades osalemine on k\u00f5ikidele huvilistele tasuta.<\/p>\n<p>TMW 2020 lasteprogrammi koost\u00f6\u00f6partner on Vivistop Telliskivi.<\/p>\n<p><img loading=\"lazy\" class=\"alignnone wp-image-8806 size-large\" src=\"https:\/\/2020.tallinnmusicweek.ee\/wp-content\/uploads\/2020\/02\/VIVISTOP-Telliskivi-t\u00f6\u00f6toad-1024x602.jpeg\" alt=\"\" width=\"1024\" height=\"602\" srcset=\"https:\/\/2020.tallinnmusicweek.ee\/wp-content\/uploads\/2020\/02\/VIVISTOP-Telliskivi-t\u00f6\u00f6toad-1024x602.jpeg 1024w, https:\/\/2020.tallinnmusicweek.ee\/wp-content\/uploads\/2020\/02\/VIVISTOP-Telliskivi-t\u00f6\u00f6toad-300x176.jpeg 300w, https:\/\/2020.tallinnmusicweek.ee\/wp-content\/uploads\/2020\/02\/VIVISTOP-Telliskivi-t\u00f6\u00f6toad-768x451.jpeg 768w, https:\/\/2020.tallinnmusicweek.ee\/wp-content\/uploads\/2020\/02\/VIVISTOP-Telliskivi-t\u00f6\u00f6toad-1536x902.jpeg 1536w, https:\/\/2020.tallinnmusicweek.ee\/wp-content\/uploads\/2020\/02\/VIVISTOP-Telliskivi-t\u00f6\u00f6toad-2048x1203.jpeg 2048w\" sizes=\"(max-width: 1024px) 100vw, 1024px\" \/><\/p>\n<p><strong>Ajakava<\/strong><\/p>\n<p>Laup\u00e4ev, 29. august<\/p>\n<p>11.30: Uksed avatud Vivistop Telliskivis, registreerimine muusika t\u00f6\u00f6tubadesse<br \/>\n12.00\u201312.50 Avakontsert: klassikat\u00e4hed: Marten Altrov (klarnet) ja Sven-Sander \u0160estakov (klaver) + t\u00f6\u00f6tuba<\/p>\n<p>13.00\u201313.50 muusika t\u00f6\u00f6toad<br \/>\nDJ Heidy Purga: DJ ameti saladused<br \/>\nmeisterjaan: parmupillihullus<\/p>\n<p>14.00\u201315.00 meisterdamise t\u00f6\u00f6toad<br \/>\nL\u00f6\u00f6me puidule h\u00e4\u00e4led sisse!<br \/>\nVeggie Jam!<\/p>\n<p><strong>Programmist l\u00e4hemalt:<\/strong><\/p>\n<p><strong>12.00 Klassikat\u00e4hed Marten Altrov ja Sven-Sander \u0160estakov<\/strong><\/p>\n<p>Marten Altrovi (klarnet) ja Sven-Sander \u0160estakovi (klaver) kontsert viib meid \u00fcmbermaailmareisile. \u00dchtaegu l\u00f5busal ja virtuooslikul kontserdil tehakse tutvust mitmete heliloojate ja nende muusikaga, lisaks ka erinevate tantsudega.<\/p>\n<p>T\u00f6\u00f6toas teeme l\u00e4hitutvust klarneti ja klaveriga. Lisaks loome kohapeal v\u00e4ljapakutud lastelaulude uusversioone. Ettevaatust, klassikaline muusika v\u00f5ib olla nakkav!<\/p>\n<p><img loading=\"lazy\" class=\"wp-image-8809 size-medium aligncenter\" src=\"https:\/\/2020.tallinnmusicweek.ee\/wp-content\/uploads\/2020\/02\/Sven-Sander-\u0160estakov-300x300.jpg\" alt=\"\" width=\"300\" height=\"300\" srcset=\"https:\/\/2020.tallinnmusicweek.ee\/wp-content\/uploads\/2020\/02\/Sven-Sander-\u0160estakov-300x300.jpg 300w, https:\/\/2020.tallinnmusicweek.ee\/wp-content\/uploads\/2020\/02\/Sven-Sander-\u0160estakov-1024x1024.jpg 1024w, https:\/\/2020.tallinnmusicweek.ee\/wp-content\/uploads\/2020\/02\/Sven-Sander-\u0160estakov-150x150.jpg 150w, https:\/\/2020.tallinnmusicweek.ee\/wp-content\/uploads\/2020\/02\/Sven-Sander-\u0160estakov-768x767.jpg 768w, https:\/\/2020.tallinnmusicweek.ee\/wp-content\/uploads\/2020\/02\/Sven-Sander-\u0160estakov-1536x1536.jpg 1536w, https:\/\/2020.tallinnmusicweek.ee\/wp-content\/uploads\/2020\/02\/Sven-Sander-\u0160estakov-2048x2048.jpg 2048w\" sizes=\"(max-width: 300px) 100vw, 300px\" \/><\/p>\n<p><strong>T\u00f6\u00f6toad<\/strong><\/p>\n<p><strong>13.00\u201313.50<br \/>\nMuusika t\u00f6\u00f6toad<\/strong><\/p>\n<p><strong>Heidy Purga DJ-t\u00f6\u00f6tuba<\/strong><\/p>\n<p>K\u00f5ik saavad k\u00e4tt proovida nii vin\u00fc\u00fclim\u00e4ngijatel kui ka teistel elektroonilistel masinatel,\u00a0 sealhulgas muidugi lugusid kokku sulataval mikserpuldil.<\/p>\n<p><strong>meisterjaani parmupilli t\u00f6\u00f6tuba<\/strong><\/p>\n<p>Jaan tutvustab oma kuulsat lugu \u201eParmupillihullus\u201d ning oma muusikalist teekonda koos\u00a0 parmupilliga \u00fcldisemalt. Meistri k\u00e4e all saab k\u00e4tte p\u00f5hilised m\u00e4ngutehnikad. Hulk parmupille on kohapeal olemas!<\/p>\n<p><strong>14.00\u201315.00 Meisterdamise t\u00f6\u00f6toad\u00a0<\/strong><\/p>\n<p><strong>L\u00f6\u00f6me puidule h\u00e4\u00e4led sisse!<\/strong><\/p>\n<p>Klopsime ise kokku puujuppidest kitarri ja tinistame sellega, niipalju, kui jaksame. NB! T\u00f6\u00f6vahendiks kasutame ka haamreid ja naelu. T\u00f6\u00f6tuba on m\u00f5eldud lastele vanuses alates kaheksandast eluaastast. \u00dches t\u00f6\u00f6toas on kohti kuni k\u00fcmnele lapsele. <a href=\"https:\/\/tallinnmusicweek.typeform.com\/to\/OZTQJG\" target=\"_blank\" rel=\"noopener\">Registreerimine<\/a>.<\/p>\n<p><strong>Veggie Jam!<\/strong><\/p>\n<p>Unustage fl\u00f6\u00f6t ja proovige selle asemel hoopis tomatit! \u00dchendame tehnoloogia ja juurviljad, k\u00f6\u00f6giviljad ning paneme kokku terve orkestri! V\u00f5tame appi Playtronica ja teeme elektroonilist muusikat puuviljade ja k\u00f6\u00f6giviljadega. T\u00f6\u00f6tuba on m\u00f5eldud lastele vanuses alates kaheksandast eluaastast. \u00dches t\u00f6\u00f6toas on kohti k\u00fcmnele lapsele. <a href=\"https:\/\/tallinnmusicweek.typeform.com\/to\/KK3rhL\" target=\"_blank\" rel=\"noopener\">Registreerimine<\/a>.<\/p>\n<p>NB! Kui oled end t\u00f6\u00f6tuppa registreerinud, kuid ei saa kahjuks osaleda, siis anna sellest palun teada aadressil <a href=\"mailto:tallinn@vivita.co\" target=\"_blank\" rel=\"noopener\">tallinn@vivita.co<\/a> v\u00f5i telefoni teel 5622 5325. Sel juhul saab m\u00f5ni teine huviline tulla. Ait\u00e4h!<\/p>\n<p>&nbsp;<\/p>\n<p><img loading=\"lazy\" class=\"size-medium wp-image-8812 aligncenter\" src=\"https:\/\/2020.tallinnmusicweek.ee\/wp-content\/uploads\/2020\/02\/Heidy-Purga-TMW-300x200.jpg\" alt=\"\" width=\"300\" height=\"200\" srcset=\"https:\/\/2020.tallinnmusicweek.ee\/wp-content\/uploads\/2020\/02\/Heidy-Purga-TMW-300x200.jpg 300w, https:\/\/2020.tallinnmusicweek.ee\/wp-content\/uploads\/2020\/02\/Heidy-Purga-TMW-1024x683.jpg 1024w, https:\/\/2020.tallinnmusicweek.ee\/wp-content\/uploads\/2020\/02\/Heidy-Purga-TMW-768x512.jpg 768w, https:\/\/2020.tallinnmusicweek.ee\/wp-content\/uploads\/2020\/02\/Heidy-Purga-TMW-1536x1024.jpg 1536w, https:\/\/2020.tallinnmusicweek.ee\/wp-content\/uploads\/2020\/02\/Heidy-Purga-TMW.jpg 2048w\" sizes=\"(max-width: 300px) 100vw, 300px\" \/><\/p>\n<p>Ka TMW muusikaprogrammist leiab sel korral vanusepiiranguta \u00fcrituse \u2013 uuekooli hiphopi leibli <a href=\"https:\/\/2020.tallinnmusicweek.ee\/schedule\/tmw-2020-lagi\">LAGI p\u00e4rastl\u00f5unase esitluslava Telliskivi F-hoone Mustas Saalis<\/a> laup\u00e4eval, 29. augustil.<\/p>\n<p>TMW lasteprogramm on 7-16-aastaste lastega peredele suunatud muusikas\u00fcndmus, mis toob kokku lapsed, vanemad ja s\u00f5brad, et \u00fchiselt muusikamaailmaga l\u00e4hemat tutvust teha, tunda r\u00f5\u00f5mu isetegemisest ning saada innustust ja vahetut tagasisidet oma ala professionaalidelt. TMW lasteprogramm juhib t\u00e4helepanu koolilaste muusikaharrastusele laiemalt ning sellele, et ligip\u00e4\u00e4s muusikale peab olema tagatud k\u00f5igile \u2013 erinevatele vanusegruppidele, kogukondadele, keeler\u00fchmadele jne.<\/p>\n"}]},"_links":{"self":[{"href":"https:\/\/2020.tallinnmusicweek.ee\/et\/wp-json\/wp\/v2\/pages\/1438"}],"collection":[{"href":"https:\/\/2020.tallinnmusicweek.ee\/et\/wp-json\/wp\/v2\/pages"}],"about":[{"href":"https:\/\/2020.tallinnmusicweek.ee\/et\/wp-json\/wp\/v2\/types\/page"}],"author":[{"embeddable":true,"href":"https:\/\/2020.tallinnmusicweek.ee\/et\/wp-json\/wp\/v2\/users\/2"}],"replies":[{"embeddable":true,"href":"https:\/\/2020.tallinnmusicweek.ee\/et\/wp-json\/wp\/v2\/comments?post=1438"}],"version-history":[{"count":86,"href":"https:\/\/2020.tallinnmusicweek.ee\/et\/wp-json\/wp\/v2\/pages\/1438\/revisions"}],"predecessor-version":[{"id":10863,"href":"https:\/\/2020.tallinnmusicweek.ee\/et\/wp-json\/wp\/v2\/pages\/1438\/revisions\/10863"}],"up":[{"embeddable":true,"href":"https:\/\/2020.tallinnmusicweek.ee\/et\/wp-json\/wp\/v2\/pages\/1071"}],"wp:featuredmedia":[{"embeddable":true,"href":"https:\/\/2020.tallinnmusicweek.ee\/et\/wp-json\/wp\/v2\/media\/8832"}],"wp:attachment":[{"href":"https:\/\/2020.tallinnmusicweek.ee\/et\/wp-json\/wp\/v2\/media?parent=1438"}],"curies":[{"name":"wp","href":"https:\/\/api.w.org\/{rel}","templated":true}]}}