{"id":3360,"date":"2020-06-16T19:18:50","date_gmt":"2020-06-16T16:18:50","guid":{"rendered":"https:\/\/2020.tallinnmusicweek.ee\/?page_id=3360"},"modified":"2020-11-17T11:50:47","modified_gmt":"2020-11-17T09:50:47","slug":"mission-ja-vaartused","status":"publish","type":"page","link":"https:\/\/2020.tallinnmusicweek.ee\/et\/mission-ja-vaartused\/","title":{"rendered":"Missioon ja v\u00e4\u00e4rtused"},"content":{"rendered":"<h3>Missioon<\/h3>\n<p>TMW pole lihtsalt festival. See on ka meie \u2013 paljude sarnase m\u00f5ttelaadiga inimeste \u2013 \u00fchist\u00f6\u00f6 ning panus paremasse \u00fchiskonda. Festivali moodustavad inimesed, ettev\u00f5tted, organisatsioonid, artistid, br\u00e4ndid, ideed ja algatused, mis meile meeldivad ja millesse me usume. Meie v\u00f5imuses on neid maailmale tutvustada, edendades seel\u00e4bi annet, mitmek\u00fclgsust ja avatust.<\/p>\n<p>&nbsp;<\/p>\n<h3>Mis meile meeldib ja millesse me usume<\/h3>\n<p>Usume, et 21. sajandi rikkus on v\u00f5rdsetel \u00f5igustel ja v\u00f5imalustel p\u00f5hinev kultuuriline ja etniline mitmek\u00fclgus.<\/p>\n<p>Avastamata annet leidub Serbiast Siberini, L\u00e4tist Liibanonini, Eestist Etioopiani. Soovime, et meie festival oleks mitmek\u00fclgsuse, ainulaadse ande ja v\u00e4rskete ideede p\u00fchitsus.<\/p>\n<p>TMW publik soovib lisaks meelelahutusele ka sissevaadet erinevate kunstivormide ja n\u00e4htuste olemusse. Soovime oma k\u00fclalistele pakkuda t\u00e4henduslikku koosolemist, avastusi, uusi s\u00f5pru ning piiride, valdkondade, \u017eanrite ja maitse-eelistuste \u00fclest kogemust.<\/p>\n<p>Seega oleme avanud oma uksed tavameelelahutuse reegleid raputavaile n\u00e4htustele, mida k\u00e4ivitame ja lahkame \u00fcheskoos festivali k\u00fclalistega.<\/p>\n<p>&nbsp;<\/p>\n<h3>V\u00e4\u00e4rtused<\/h3>\n<p>TMW seisab s\u00f5navabaduse, piiranguteta enesev\u00e4ljenduse, v\u00f5rdsete v\u00f5imaluste ja erinevate maailmavaadete eest.<\/p>\n<p>Loovt\u00f6\u00f6stus s\u00f5ltub vabadusest ja sallivusest uue ning vahel ka ootamatu vastu.<\/p>\n<p>&nbsp;<\/p>\n<h3>Meie roll \u00fchiskonnas<\/h3>\n<p>TMW aitab saavutata j\u00e4rgmisi sihte:<\/p>\n<ul>\n<li>julge, loova m\u00f5tte edendamine<\/li>\n<li>uute artistide ja nende tugistruktuuri tutvustamine ja edendamine ning tegutsemisv\u00f5imaluste loomine<\/li>\n<li>\u00fchtsuse ja koost\u00f6\u00f6 edendamine<\/li>\n<li>Eesti rahvusvaheliste sidemete, tuntuse ja tunnustuse edendamine<\/li>\n<li>kaubanduse, turismi, kodanikuteadlikkuse ja motiveeritud ettev\u00f5tluse turgutamine<\/li>\n<\/ul>\n<p>&nbsp;<\/p>\n<h3>Panus muusikasektorisse<\/h3>\n<ul>\n<li>rahvusvaheliste suhete ja laiema tunnustuse edendamine<\/li>\n<li>muusikute, ettev\u00f5tete ja br\u00e4ndide karj\u00e4\u00e4riv\u00f5imaluste edendamine<\/li>\n<li>erinevate turgude ja regioonide alase teadlikkuse t\u00f5stmine<\/li>\n<li>teadmised ja haritus<\/li>\n<li>br\u00e4nditeadlikkuse t\u00f5us<\/li>\n<li>kultuuriturismi ja -majanduse edendamine<\/li>\n<li>rahvusvaheliste suhete ja laiema tuntuse\/tunnustuse edendamine<\/li>\n<li>festivalile ja selle k\u00fclalistele teenust pakkuvate ettev\u00f5tete sissetuleku suurendamine<\/li>\n<li>uut t\u00fc\u00fcpi ettev\u00f5tted, tuluallikad ja \u00e4rimudelid<\/li>\n<li>rohkem t\u00f6\u00f6kohti, rahuldust pakkuvat tegevust, \u00f5nnelikke kodanikke<\/li>\n<li>ekspordi edendamine<\/li>\n<li>br\u00e4ndi v\u00e4\u00e4rtuse edendamine<\/li>\n<\/ul>\n<h3>Meilt kodanikele<\/h3>\n<ul>\n<li>teadlikkuse ja m\u00f5istmisv\u00f5ime edendamine, hirmu v\u00e4hendamine<\/li>\n<li>p\u00f5nevus, innustus, inspiratsioon<\/li>\n<\/ul>\n","protected":false},"excerpt":{"rendered":"<p>Missioon TMW pole lihtsalt festival. See on ka meie \u2013 paljude sarnase m\u00f5ttelaadiga inimeste \u2013 \u00fchist\u00f6\u00f6 ning panus paremasse \u00fchiskonda. Festivali moodustavad inimesed, ettev\u00f5tted, organisatsioonid, artistid, br\u00e4ndid, ideed ja algatused, mis meile meeldivad ja millesse me usume. Meie v\u00f5imuses on neid maailmale tutvustada, edendades seel\u00e4bi annet, mitmek\u00fclgsust ja avatust. &nbsp; Mis meile meeldib ja millesse [&hellip;]<\/p>\n","protected":false},"author":2,"featured_media":0,"parent":0,"menu_order":0,"comment_status":"closed","ping_status":"closed","template":"","meta":{"_monsterinsights_skip_tracking":false,"_monsterinsights_sitenote_active":false,"_monsterinsights_sitenote_note":"","_monsterinsights_sitenote_category":0},"acf":[],"_links":{"self":[{"href":"https:\/\/2020.tallinnmusicweek.ee\/et\/wp-json\/wp\/v2\/pages\/3360"}],"collection":[{"href":"https:\/\/2020.tallinnmusicweek.ee\/et\/wp-json\/wp\/v2\/pages"}],"about":[{"href":"https:\/\/2020.tallinnmusicweek.ee\/et\/wp-json\/wp\/v2\/types\/page"}],"author":[{"embeddable":true,"href":"https:\/\/2020.tallinnmusicweek.ee\/et\/wp-json\/wp\/v2\/users\/2"}],"replies":[{"embeddable":true,"href":"https:\/\/2020.tallinnmusicweek.ee\/et\/wp-json\/wp\/v2\/comments?post=3360"}],"version-history":[{"count":5,"href":"https:\/\/2020.tallinnmusicweek.ee\/et\/wp-json\/wp\/v2\/pages\/3360\/revisions"}],"predecessor-version":[{"id":10898,"href":"https:\/\/2020.tallinnmusicweek.ee\/et\/wp-json\/wp\/v2\/pages\/3360\/revisions\/10898"}],"wp:attachment":[{"href":"https:\/\/2020.tallinnmusicweek.ee\/et\/wp-json\/wp\/v2\/media?parent=3360"}],"curies":[{"name":"wp","href":"https:\/\/api.w.org\/{rel}","templated":true}]}}