{"id":3574,"date":"2018-02-08T09:18:56","date_gmt":"2018-02-08T07:18:56","guid":{"rendered":"https:\/\/2020.tallinnmusicweek.ee\/?page_id=3574"},"modified":"2021-02-25T14:22:33","modified_gmt":"2021-02-25T12:22:33","slug":"vabatahtlikud","status":"publish","type":"page","link":"https:\/\/2020.tallinnmusicweek.ee\/et\/vabatahtlikud\/","title":{"rendered":"Vabatahtlikud"},"content":{"rendered":"","protected":false},"excerpt":{"rendered":"","protected":false},"author":12,"featured_media":3586,"parent":0,"menu_order":0,"comment_status":"closed","ping_status":"closed","template":"template-modular.php","meta":{"_monsterinsights_skip_tracking":false,"_monsterinsights_sitenote_active":false,"_monsterinsights_sitenote_note":"","_monsterinsights_sitenote_category":0},"acf":{"modules":[{"acf_fc_layout":"lead","content":"<p>TMW 2021 vabatahtlike v\u00e4rbamine algab m\u00e4rtsi l\u00f5pus 2021. J\u00e4lgige meie sotsiaalmeedia kanaleid, kuhu saabub t\u00e4psem info v\u00e4rbamisperioodi eel.<\/p>\n"},{"acf_fc_layout":"regular_content","content":"<p>Abiv\u00e4ge on oodatud piletikontrollidest f\u00e4nnin\u00e4nni m\u00fc\u00fcjateni, infot\u00f6\u00f6tajatest b\u00e4ndisaatjateni, asjade tassijaist-t\u00f5stjaist veebi- ja t\u00f5lkeabilisteni. M\u00f6\u00f6dunud aastal oli meil abiks ligi 200 vabatahtlikku!<\/p>\n<p>&nbsp;<\/p>\n<p>Omalt poolt pakume igale vabatahtlikule kordumatut v\u00f5imalust osaleda rahvusvahelise suur\u00fcrituse korralduses, heita pilk muusikamaailma telgitagustesse ja omandada oskusi oma ala tipptegijatelt.<\/p>\n<p>K\u00f5ik vabatahtlikud abilised saavad TMW 2020 festivalipassi. Festivalipass tagab p\u00e4\u00e4su k\u00f5ikidele muusikafestivali \u00fcritustele ning sisaldab eripakkumisi teiste festivaliosade raames. Lisaks hoolitseme t\u00f6\u00f6 ajal vabatahtlike toitlustuse ja transpordi eest.<\/p>\n<p>Avaldusi ootame aadressile <a href=\"mailto:volunteers@tallinnmusicweek.ee\">volunteers@tallinnmusicweek.ee<\/a><\/p>\n<p>Kohtumiseni festivalil!<\/p>\n"}]},"_links":{"self":[{"href":"https:\/\/2020.tallinnmusicweek.ee\/et\/wp-json\/wp\/v2\/pages\/3574"}],"collection":[{"href":"https:\/\/2020.tallinnmusicweek.ee\/et\/wp-json\/wp\/v2\/pages"}],"about":[{"href":"https:\/\/2020.tallinnmusicweek.ee\/et\/wp-json\/wp\/v2\/types\/page"}],"author":[{"embeddable":true,"href":"https:\/\/2020.tallinnmusicweek.ee\/et\/wp-json\/wp\/v2\/users\/12"}],"replies":[{"embeddable":true,"href":"https:\/\/2020.tallinnmusicweek.ee\/et\/wp-json\/wp\/v2\/comments?post=3574"}],"version-history":[{"count":12,"href":"https:\/\/2020.tallinnmusicweek.ee\/et\/wp-json\/wp\/v2\/pages\/3574\/revisions"}],"predecessor-version":[{"id":11178,"href":"https:\/\/2020.tallinnmusicweek.ee\/et\/wp-json\/wp\/v2\/pages\/3574\/revisions\/11178"}],"wp:featuredmedia":[{"embeddable":true,"href":"https:\/\/2020.tallinnmusicweek.ee\/et\/wp-json\/wp\/v2\/media\/3586"}],"wp:attachment":[{"href":"https:\/\/2020.tallinnmusicweek.ee\/et\/wp-json\/wp\/v2\/media?parent=3574"}],"curies":[{"name":"wp","href":"https:\/\/api.w.org\/{rel}","templated":true}]}}