{"id":673,"date":"2016-12-23T13:24:48","date_gmt":"2016-12-23T11:24:48","guid":{"rendered":"http:\/\/188.166.60.220\/conference\/"},"modified":"2020-11-19T02:10:06","modified_gmt":"2020-11-19T00:10:06","slug":"konverents","status":"publish","type":"page","link":"https:\/\/2020.tallinnmusicweek.ee\/et\/konverents\/","title":{"rendered":"Konverents"},"content":{"rendered":"","protected":false},"excerpt":{"rendered":"","protected":false},"author":1,"featured_media":6408,"parent":0,"menu_order":0,"comment_status":"closed","ping_status":"closed","template":"template-modular.php","meta":{"_monsterinsights_skip_tracking":false,"_monsterinsights_sitenote_active":false,"_monsterinsights_sitenote_note":"","_monsterinsights_sitenote_category":0},"acf":{"modules":[{"acf_fc_layout":"lead","content":"<p><strong>7.\u20138. mai 2021<\/strong><\/p>\n<p>&nbsp;<\/p>\n<p>TMW konverentsi teemade ring ulatub\u00a0 muusikat\u00f6\u00f6stuse seminaridest popkultuurilooliste vestluste ja valdkondade \u00fcleste tulevikuk\u00e4sitlusteni.<\/p>\n"},{"acf_fc_layout":"regular_content","content":"<p>Eesti Kunstiakadeemias 7.\u20138. mail 2021 toimuv TMW 2020 konverents saab teoks nii kohapealset kui ka veebip\u00f5hist osalust v\u00f5imaldavas h\u00fcbriidformaadis.<\/p>\n<p>Konverents pakub huviv\u00e4\u00e4rset nii muusikavaldkonna tegijaile, kultuuriedendajatele kui ka erinevate sektorite ettev\u00f5tjatele ja poliitikakujundajatele.<\/p>\n<p>TMW 2021 konverentsi programm kuulutatakse j\u00e4rk-j\u00e4rgult v\u00e4lja alates veebruarist 2021. Konverentsi muusikat\u00f6\u00f6stuse seminaride programm s\u00fcnnib koost\u00f6\u00f6s Music Estoniaga.<\/p>\n<p>TMW 2021 PRO passid, DigiPRO passid ja toetajapassid,mis tagavad osaluse konveremtsil. on m\u00fc\u00fcgil <a href=\"https:\/\/shop.tmw.ee\/\">TMW veebipoes<\/a>.<\/p>\n<p>***<\/p>\n<p>2020. aastal kogu muusikavaldkonna \u00f6kos\u00fcsteemi tabanud v\u00e4ljakutsed panid meid k\u00f5iki maailma \u00fcmber m\u00f5testama ja tulevikuks vastuseid otsima. Seda, kuidas viirusj\u00e4rgsetes oludes paremini toime tulla, uuriti TMW 2020 konverentsil l\u00e4bi kolme keskse teema: muusikat\u00f6\u00f6stus 2.0, j\u00e4tkusuutlik areng ja naabrid.<\/p>\n<p><strong>Muusikat\u00f6\u00f6stus 2.0<\/strong> teemablokis kaardistatakse muusikavaldkonna taastumis- ja uuenemisv\u00f5imalusi. Kas v\u00f5ti on kasutajakesksete platvormide ja uudsete virtuaallahenduste arendamises v\u00f5i taandub k\u00f5ik oskusele muutusi juhtida? Enam kui eales varem, on vaja teadvustada tagasil\u00f6\u00f6kidest taastumise ja juhtimisp\u00e4devuste olulisust.<\/p>\n<p>T\u00e4navune kevad on n\u00e4idanud, et inimkonnal on vaja veel pingutada selle nimel, et m\u00e4rgata ja v\u00e4hendada sotsiaalset ebav\u00f5rdsust ja eba\u00f5iglust. Rahvusvaheliste algatuste Keychange ja ShesaidSo osalusel lahatakse konverentsil soo- ja rassiv\u00e4hemuste probleeme ning vaimse tervise alaseid k\u00fcsimusi \u2013 seda k\u00f5ike <strong>kestliku arengu<\/strong> eesm\u00e4rkide kontekstis.<\/p>\n<p>Keerukate probleemide lahendamisel on v\u00f5tmeroll sageli piiride- ja valdkondade \u00fclesel koost\u00f6\u00f6l. Koondnime all<strong> \u201eNaabrid\u201c<\/strong> uuritakse nii piirkondlike kolleegide kui ka muusikat\u00f6\u00f6stuse naabervaldkondade vaheliste dialoogide v\u00f5imalusi.<\/p>\n<p><strong><a href=\"https:\/\/2020.tallinnmusicweek.ee\/conference\/\" target=\"_blank\" rel=\"noopener\">TMW 2020 konverentsi teemad<\/a>\u00a0<\/strong><\/p>\n<p><strong><a href=\"https:\/\/2020.tallinnmusicweek.ee\/et\/panelistid-20\/\">TMW 2020 konverentsi panelistid<\/a><\/strong><\/p>\n<p>&nbsp;<\/p>\n<p><strong>Seotud uudised:<\/strong><\/p>\n<p><a href=\"https:\/\/2020.tallinnmusicweek.ee\/et\/2020\/08\/tmw-avalikustas-eelseisva-konverentsi-programmi\/\" target=\"_blank\" rel=\"noopener\">14.08.2020 TMW avalikustas eelseisva konverentsi programmi<\/a><\/p>\n<p><a href=\"https:\/\/2020.tallinnmusicweek.ee\/et\/2020\/08\/tallinn-music-weeki-konverents-keskendub-juhtimiskvaliteedile-kultuurivaldkonnas\/\">03.08.2020 Tallinn Music Weeki konverents keskendub juhtimiskvaliteedile kultuurivaldkonnas<\/a><\/p>\n<p><a href=\"https:\/\/2020.tallinnmusicweek.ee\/et\/2020\/06\/tanavuse-tmw-konverents-toimub-uuenduslikus-hubriidformaadis\/\">19.06.2020 TMW konverents toimub uuenduslikus h\u00fcbriidformaadis\u00a0<\/a><\/p>\n<p><a href=\"https:\/\/2020.tallinnmusicweek.ee\/et\/2020\/02\/tmw-konverentsi-avab-president-kersti-kaljulaid\/\" target=\"_blank\" rel=\"noopener\">27.02.2020 TMW konverentsi avab president Kersti Kaljulaid<\/a><\/p>\n<p><a href=\"https:\/\/2020.tallinnmusicweek.ee\/et\/2020\/02\/tmw-konverentsil-esinevad-dublabi-programmijuht-rachel-day-muusika-digiteerimise-pioneer-vickie-nauman-ja-queer-muusik-bendik-giske\/\">21.02.2020 TMW konverentsil esinevad Dublabi programmijuht Rachel Day, muusika digiteerimise pioneer Vickie Nauman ja queer-muusik Bendik Giske<\/a><\/p>\n<p><a href=\"https:\/\/2020.tallinnmusicweek.ee\/et\/2020\/01\/tmw-konverentsil-esinevad-endine-motowni-juht-ja-stevie-wonderi-manager-keith-harris-ning-muusikatoostuse-naisliikumise-aktivist-andreea-magdalina\/\">29.01.2020 TMW konverentsil esinevad endine Motowni juht ja Stevie Wonderi manager Keith Harris ning muusikat\u00f6\u00f6stuse naisliikumise aktivist Andreea Magdalina<\/a><strong><br \/>\n<\/strong><\/p>\n<p><a href=\"https:\/\/2020.tallinnmusicweek.ee\/et\/2019\/12\/tallinn-music-weeki-konverents-avalikustas-esimesed-konelejad-ja-teemad-muusikatoostus-2-0-ja-kultuuri-roll-kestliku-arengu-eesmarkide-taitmisel\/\">20.12.2019 Tallinn Music Weeki konverents avalikustas esimesed k\u00f5nelejad ja teemad: muusikat\u00f6\u00f6stus 2.0 ja kultuuri roll kestliku arengu eesm\u00e4rkide t\u00e4itmisel<\/a><\/p>\n<p><a href=\"https:\/\/www.facebook.com\/events\/827005054404748\/\">TMW 2020 konverents Facebookis<\/a><\/p>\n<p>&nbsp;<\/p>\n"},{"acf_fc_layout":"hero","image":{"ID":7920,"id":7920,"title":"47446955882_b5d09b31a3_k","filename":"47446955882_b5d09b31a3_k.jpg","filesize":997262,"url":"https:\/\/2020.tallinnmusicweek.ee\/wp-content\/uploads\/2019\/11\/47446955882_b5d09b31a3_k.jpg","link":"https:\/\/2020.tallinnmusicweek.ee\/et\/konverents\/47446955882_b5d09b31a3_k-2\/","alt":"","author":"2","description":"","caption":"","name":"47446955882_b5d09b31a3_k-2","status":"inherit","uploaded_to":673,"date":"2019-11-27 17:27:13","modified":"2019-11-27 17:27:13","menu_order":0,"mime_type":"image\/jpeg","type":"image","subtype":"jpeg","icon":"https:\/\/2020.tallinnmusicweek.ee\/wp-includes\/images\/media\/default.png","width":2048,"height":1365,"sizes":{"thumbnail":"https:\/\/2020.tallinnmusicweek.ee\/wp-content\/uploads\/2019\/11\/47446955882_b5d09b31a3_k-150x150.jpg","thumbnail-width":150,"thumbnail-height":150,"medium":"https:\/\/2020.tallinnmusicweek.ee\/wp-content\/uploads\/2019\/11\/47446955882_b5d09b31a3_k-300x200.jpg","medium-width":300,"medium-height":200,"medium_large":"https:\/\/2020.tallinnmusicweek.ee\/wp-content\/uploads\/2019\/11\/47446955882_b5d09b31a3_k-768x512.jpg","medium_large-width":768,"medium_large-height":512,"large":"https:\/\/2020.tallinnmusicweek.ee\/wp-content\/uploads\/2019\/11\/47446955882_b5d09b31a3_k-1024x683.jpg","large-width":1024,"large-height":683,"1536x1536":"https:\/\/2020.tallinnmusicweek.ee\/wp-content\/uploads\/2019\/11\/47446955882_b5d09b31a3_k-1536x1024.jpg","1536x1536-width":1536,"1536x1536-height":1024,"2048x2048":"https:\/\/2020.tallinnmusicweek.ee\/wp-content\/uploads\/2019\/11\/47446955882_b5d09b31a3_k.jpg","2048x2048-width":2048,"2048x2048-height":1365}},"content":"","size":"medium"},{"acf_fc_layout":"regular_content","content":"<p>TMW konverentsil on aegade jooksul esinenud paljud muusikat\u00f6\u00f6stuse niidit\u00f5mbajad ja suunan\u00e4itajad, teiste seas plaadim\u00e4rgi Sire rajaja <strong>Seymour Stein<\/strong>, m\u00f5jukad managerid <strong>Simon Napier-Bell<\/strong> ja <strong>Peter Jenner<\/strong>, popkultuuriloo kaardistajad nagu <strong>Simon Reynolds <\/strong>ja <strong>Adam Harper<\/strong>, muusikutest publitsistid nagu <strong>Bob Stanley<\/strong> (St Etienne), <strong>Viv Albertine<\/strong> (The Slits) ja <strong>John Robb<\/strong> (The Membranes), protestipungi kooslus <strong>Pussy Riot <\/strong>ning muusik ja helilooja <strong>Barry Adamson (Magazine<\/strong>, koost\u00f6\u00f6d Nick Cave&#8217;iga).<\/p>\n<p>TMW konverentsil on s\u00f5na saanud ka paljud eri valdkondade vision\u00e4\u00e4rid, praktikud ja poliitikakujundajad, teiste seas USA ettev\u00f5tja ja filantroop <strong>Hamdi Ulukaya<\/strong>, kunstnik ja filmitegija <strong>Tillett Wright<\/strong>, geeniteadlane <strong>Lili Milani<\/strong>, Euroopa Parlamendi liige <strong>Julia Reda<\/strong>, Silicon Valley \u00e4ri-ingel <strong>Fadi Bishara<\/strong>, Briti kaasaegse disaini v\u00f5tmekuju <strong>Malcolm Garrett <\/strong>ning Soome ettev\u00f5tja ja kultuurivedur <strong>Gunvor Kronman<\/strong>.<\/p>\n<figure id=\"attachment_1808\" aria-describedby=\"caption-attachment-1808\" style=\"width: 778px\" class=\"wp-caption alignnone\"><img loading=\"lazy\" class=\"wp-image-1808 \" src=\"https:\/\/2020.tallinnmusicweek.ee\/wp-content\/uploads\/2016\/12\/kaljulaid-1024x683.jpg\" width=\"778\" height=\"519\" srcset=\"https:\/\/2020.tallinnmusicweek.ee\/wp-content\/uploads\/2016\/12\/kaljulaid-1024x683.jpg 1024w, https:\/\/2020.tallinnmusicweek.ee\/wp-content\/uploads\/2016\/12\/kaljulaid-300x200.jpg 300w, https:\/\/2020.tallinnmusicweek.ee\/wp-content\/uploads\/2016\/12\/kaljulaid-768x512.jpg 768w, https:\/\/2020.tallinnmusicweek.ee\/wp-content\/uploads\/2016\/12\/kaljulaid.jpg 2048w\" sizes=\"(max-width: 778px) 100vw, 778px\" \/><figcaption id=\"caption-attachment-1808\" class=\"wp-caption-text\"><em>President Kersti Kaljulaid TMW\u00a0 2018 konverentsil. Foto:Kris S\u00fcld<\/em><\/figcaption><\/figure>\n"},{"acf_fc_layout":"quote","content":"<p>\u201eK\u00f5ige muljetavaldavam oli hoolega koostatud konverentsi ja avalike vestluste programm. Enamik arutelusid erinesid tohutult formaalsetest ja ettearvatavatest arutluspaneelidest, mida muusikat\u00f6\u00f6stuse s\u00fcndmustel aasta l\u00e4bi kuuleb. TMW teemad ja k\u00f5nelejad olid sirgjoonelised, autentsed, ausad, n\u00f5udlikud ning v\u00e4ltisid poosetamist ja j\u00e4ikade seisukohtade v\u00f5tmist.\u201c<\/p>\n","name":"Ramin Sadighi (Hermes Records)"},{"acf_fc_layout":"quote","content":"<p>\u201eTallinn Music Weekil on ette n\u00e4idata \u00fcks mitmek\u00fclgsemaid, kaasavamaid ja eklektilisemaid koosseisusid mis tahes Euroopa \u00fcrituste seas, kuid muusika on vaid \u00fcks osa sellest, mida nad teevad. Progressiivse m\u00f5tlemise keskusena figureerivalt TMWi konverentsilt leiab selliseid paneele nagu &#8220;Masinatega v\u00f5isteldes&#8221;, &#8220;Avalik ruum ja demokraatia&#8221; ja &#8220;Disain k\u00e4itumist muutmaks&#8221;, delegaatidevalik ulatub Harvardi professoritest juhtide ja ettev\u00f5tjateni. Nii jagatakse kui lahatakse uusi ideid ja algatusi, samal ajal kui \u00f5hustik energiast kihiseb.\u201c<\/p>\n","name":"The Independent (UK)"}]},"_links":{"self":[{"href":"https:\/\/2020.tallinnmusicweek.ee\/et\/wp-json\/wp\/v2\/pages\/673"}],"collection":[{"href":"https:\/\/2020.tallinnmusicweek.ee\/et\/wp-json\/wp\/v2\/pages"}],"about":[{"href":"https:\/\/2020.tallinnmusicweek.ee\/et\/wp-json\/wp\/v2\/types\/page"}],"author":[{"embeddable":true,"href":"https:\/\/2020.tallinnmusicweek.ee\/et\/wp-json\/wp\/v2\/users\/1"}],"replies":[{"embeddable":true,"href":"https:\/\/2020.tallinnmusicweek.ee\/et\/wp-json\/wp\/v2\/comments?post=673"}],"version-history":[{"count":96,"href":"https:\/\/2020.tallinnmusicweek.ee\/et\/wp-json\/wp\/v2\/pages\/673\/revisions"}],"predecessor-version":[{"id":10931,"href":"https:\/\/2020.tallinnmusicweek.ee\/et\/wp-json\/wp\/v2\/pages\/673\/revisions\/10931"}],"wp:featuredmedia":[{"embeddable":true,"href":"https:\/\/2020.tallinnmusicweek.ee\/et\/wp-json\/wp\/v2\/media\/6408"}],"wp:attachment":[{"href":"https:\/\/2020.tallinnmusicweek.ee\/et\/wp-json\/wp\/v2\/media?parent=673"}],"curies":[{"name":"wp","href":"https:\/\/api.w.org\/{rel}","templated":true}]}}