{"id":7298,"date":"2019-03-20T10:43:36","date_gmt":"2019-03-20T08:43:36","guid":{"rendered":"https:\/\/2020.tallinnmusicweek.ee\/?page_id=7298"},"modified":"2020-11-16T20:43:17","modified_gmt":"2020-11-16T18:43:17","slug":"plaaditurg","status":"publish","type":"page","link":"https:\/\/2020.tallinnmusicweek.ee\/et\/festival\/plaaditurg\/","title":{"rendered":"Plaaditurg"},"content":{"rendered":"","protected":false},"excerpt":{"rendered":"","protected":false},"author":18,"featured_media":9161,"parent":1071,"menu_order":0,"comment_status":"closed","ping_status":"closed","template":"template-modular.php","meta":{"_monsterinsights_skip_tracking":false,"_monsterinsights_sitenote_active":false,"_monsterinsights_sitenote_note":"","_monsterinsights_sitenote_category":0},"acf":{"modules":[{"acf_fc_layout":"lead","content":"<p><strong>Kohaliku muusikakandjate turu kogunemine<br \/>\n<\/strong><\/p>\n"},{"acf_fc_layout":"regular_content","content":"<p><strong>TMW 2021 programm kuulutatakse v\u00e4lja 2021. aasta kevadel. Seni vaata, mida pakkus 2020. aasta.<\/p>\n<p>***<\/p>\n<p>L, 29. august<\/strong><br \/>\n<strong>11.00 Kingitud Elu heategevuslik plaaditurg\u00a0<\/strong><br \/>\n<strong>13.00 traditsiooniline plaaditurg<\/strong><br \/>\nBalti Jaama Turu \u00d5htuv\u00e4ljak (Kopli 1)<\/p>\n<p>Koondame kohaliku muusikakandjate turu: plaadipoed, plaadifirmad, artistid, melomaanid ja audiofiilid p\u00f5randa alt ning p\u00f5randa pealt! Niite t\u00f5mbab Eesti plaadikogujate igakuiseks t\u00e4hts\u00fcndmuseks kujunenud Plaaditurg.<\/p>\n<p>Peaaegu k\u00f5igil on kodus vanu originaal CD- v\u00f5i DVD-plaate, m\u00f5nel isegi vin\u00fc\u00fclplaate, mida enam ei vajata. N\u00fc\u00fcd on v\u00f5imalik neist vabaneda head tehes, annetades need v\u00e4hihaigete toetuseks.<\/p>\n<p>Teisest k\u00fcljest on k\u00f5ik melomaanid ja filmihuvilised teretulnud turup\u00e4eval ostlema: v\u00e4\u00e4rt muusikat ja filme saab soetada n\u00e4iteks 50 sendiga, 1 euroga v\u00f5i lihtsalt s\u00fcmboolse annetuse eest.<\/p>\n<p>Fond kutsub k\u00f5iki \u00fcles saatma oma plaadid j\u00e4relturule head tegema. Ka plaadifirmad ja artistid on s\u00fcdamest teretulnud annetama Kingitud Elu turup\u00e4eva jaoks oma toodangut ja loomingut.<\/p>\n<p>Kolm v\u00f5imalust heli- ja videokandjate annetamiseks:<\/p>\n<p>&#8211; Tuua plaadid 25., 26. v\u00f5i 27.augustil ajavahemikul kl 14-17 Balti Jaama Turule (vastuv\u00f5tt kauba laadimisalal maa-aluse parkla sissep\u00e4\u00e4su juures)<\/p>\n<p>&#8211; Saata plaadid pakiautomaati Torupilli Selveris (Omniva, DPD, SmartPost: pakisaaja V\u00e4hiravifond Kingitud Elu ja telefon 5276004) v\u00f5i Rakvere kesklinna pakirobotisse aadressil Vilde 6 (pakisaaja V\u00e4hiravifond Kingitud Elu ja telefon 55922221)<\/p>\n<p>&#8211; Anda plaadid \u00fcle v\u00e4hiravifondi tegevjuhile Katrin Kuusem\u00e4ele, tel 55 9 22 22 1.<\/p>\n<p>V\u00e4hiravifondi vabatahtlikud sorteerivad annetatud plaadid turup\u00e4evaks \u00e4ra. Kogu laadatulu l\u00e4heb v\u00e4hihaigete ravi toetuseks.<\/p>\n<p>NB! Oodatud on ainult originaal CD- ja DVD plaadid ning vin\u00fc\u00fclplaadid. isek\u00f5rvetatud plaate palume mitte saata.<\/p>\n<p>Kingitud Elu heategevuslik turg avatakse 29.augustil kell 11 Balti Jaama Turu \u00d5htuv\u00e4ljakul (hoone Kalamaja poolses otsas). \u00dcritus kestab \u00f5htuni v\u00f5i kuniks plaate j\u00e4tkub.<\/p>\n<p>Samal p\u00e4eval on samal v\u00e4ljakul avatud ka traditsiooniline TMW Plaaditurg, kus pakuvad oma kaupa Eesti plaadipoed, plaadifirmad, artistid, melomaanid ja audiofiilid.<\/p>\n<p>M\u00fc\u00fcgikohtade broneerimine ja t\u00e4psem info:<br \/>\nAhto-Lembit Lehtmets<br \/>\ne-mail: <a href=\"mailto:ahtolembit@gmail.com\" target=\"_blank\" rel=\"noopener\">ahtolembit@gmail.com<\/a><br \/>\nTel: +372 52 28 801<\/p>\n"}]},"_links":{"self":[{"href":"https:\/\/2020.tallinnmusicweek.ee\/et\/wp-json\/wp\/v2\/pages\/7298"}],"collection":[{"href":"https:\/\/2020.tallinnmusicweek.ee\/et\/wp-json\/wp\/v2\/pages"}],"about":[{"href":"https:\/\/2020.tallinnmusicweek.ee\/et\/wp-json\/wp\/v2\/types\/page"}],"author":[{"embeddable":true,"href":"https:\/\/2020.tallinnmusicweek.ee\/et\/wp-json\/wp\/v2\/users\/18"}],"replies":[{"embeddable":true,"href":"https:\/\/2020.tallinnmusicweek.ee\/et\/wp-json\/wp\/v2\/comments?post=7298"}],"version-history":[{"count":15,"href":"https:\/\/2020.tallinnmusicweek.ee\/et\/wp-json\/wp\/v2\/pages\/7298\/revisions"}],"predecessor-version":[{"id":10864,"href":"https:\/\/2020.tallinnmusicweek.ee\/et\/wp-json\/wp\/v2\/pages\/7298\/revisions\/10864"}],"up":[{"embeddable":true,"href":"https:\/\/2020.tallinnmusicweek.ee\/et\/wp-json\/wp\/v2\/pages\/1071"}],"wp:featuredmedia":[{"embeddable":true,"href":"https:\/\/2020.tallinnmusicweek.ee\/et\/wp-json\/wp\/v2\/media\/9161"}],"wp:attachment":[{"href":"https:\/\/2020.tallinnmusicweek.ee\/et\/wp-json\/wp\/v2\/media?parent=7298"}],"curies":[{"name":"wp","href":"https:\/\/api.w.org\/{rel}","templated":true}]}}