{"id":7831,"date":"2019-10-17T19:51:09","date_gmt":"2019-10-17T16:51:09","guid":{"rendered":"https:\/\/2020.tallinnmusicweek.ee\/?page_id=7831"},"modified":"2021-01-25T15:37:15","modified_gmt":"2021-01-25T13:37:15","slug":"esinemisavaldused","status":"publish","type":"page","link":"https:\/\/2020.tallinnmusicweek.ee\/et\/esinemisavaldused\/","title":{"rendered":"Esinemisavaldused"},"content":{"rendered":"<p><strong>TMW 2021 artistide esinemistaotluste voor on selleks korraks l\u00f5ppenud. Loe tulemuste kohta <span style=\"color: #0000ff;\"><a style=\"color: #0000ff;\" href=\"https:\/\/2020.tallinnmusicweek.ee\/et\/2021\/01\/tallinn-music-weeki-festivalile-saabus-1276-esinemistaotlust-63-riigist\/\">siit<\/a><\/span>.\u00a0<\/strong><\/p>\n<p>&nbsp;<\/p>\n<p>TMW 2021 p\u00f5hiprogrammi kuup\u00e4evad:<\/p>\n<p>Muusikafestival: N, 6. mai \u2013 L, 8. mai<br \/>\nKonverents: R, 7. mai \u2013 L, 8. mai<\/p>\n<p>Avalduse esitanud artistidega v\u00f5etakse \u00fchendust ja TMW 2021 programm kuulutatakse v\u00e4lja j\u00e4rk-j\u00e4rgult alates veebruarist 2021.<\/p>\n<p>&nbsp;<\/p>\n<p><strong>MIDA FESTIVAL PAKUB<\/strong><\/p>\n<p>K\u00f5ikidele esinejatele:<\/p>\n<p>&#8211; TMW 2021 PRO passe k\u00f5ikidele artistidele \/ artistikollektiivi liikmetele ja \u00fchele esindajale (reeglina managerile) artisti kohta, mis v\u00f5imaldab osaleda TMW muusikafestivalil kohapeal ning konverentsil, sealhulgas spetsiaalselt artistidele suunatud t\u00f6\u00f6tubades ja mentorlustundudes, nii kohapeal kui ka veebip\u00f5hiselt<br \/>\n&#8211; V\u00f5imalust end esitleda ligikaudu 1000 muusikat\u00f6\u00f6stuse ja meedia esindajale<br \/>\n-Ligip\u00e4\u00e4su <a href=\"https:\/\/pro.tmw.ee\/me\">TMW PRO veebi andmebaasi<\/a> ning <em>networking<\/em> v\u00f5imalust olulisemate Eesti, Baltikumi ja P\u00f5hjamaade ning valiku rahvusvaheliste muusikat\u00f6\u00f6stuse proffidega (bookerid, promootorid, managerid, distribuutorid, plaadileiblite esindajad, kirjastajad, agendid, meedia ja turunduse spetsialistid jne)<br \/>\n&#8211; Promov\u00f5imalusi \u00fcleriigilises eesti- ja venekeelses ning rahvusvahelises meedias<br \/>\n&#8211; V\u00f5imalust tutvustada festivalil oma rahvusvahelise potentsiaaliga uut loomingut<br \/>\n&#8211; <em>Backline<\/em>, heli-, valgus- ja videoprojektsiooni tehnikat vastavalt avalduses esitatud tehnilisele raiderile ning professionaalse produktsioonitiimi tuge esinemisel artisti profiilile sobivaimal festivali esitlus\u00f5htul ja toimumispaigas<\/p>\n<p><strong>ERIPAKKUMISED EESTI ARTISTIDELE<\/strong><\/p>\n<p>&#8211; Artistin\u00f5ustaja teenus, mis aitab festivaliks ette valmistuda<br \/>\n&#8211; V\u00f5imalus kutsuda rahvusvahelisi muusikat\u00f6\u00f6stuse spetsialiste oma esinemist vaatama<br \/>\n&#8211; V\u00f5imalus koos festivali promo- ja produktsioonitiimiga v\u00e4lja t\u00f6\u00f6tada ja l\u00e4bi viia oma uue loomingu (plaadi, video jm) esitlust ja turundust festivali raames<br \/>\n&#8211; V\u00f5imalus osaleda veebruaris-m\u00e4rtsis 2021 koost\u00f6\u00f6s Music Estoniaga korraldatavail muusikaekspordi ja -turunduse seminaridel<br \/>\n&#8211; V\u00f5imalus osaleda aprillis 2021 festivaliks ettevalmistavas infotunnis<\/p>\n<p><strong><br \/>\nPAKKUMISE TINGIMUSED<\/strong><\/p>\n<p>&#8211; Festival ei kata reisikulusid ja ei maksa esinemistasusid<br \/>\n&#8211; Artisti poolt kinnitatud esinemist ei saa ilma tungiva p\u00f5hjuseta (tervislik seisund, rahvusvahelised reisipiirangud vms) t\u00fchistada<br \/>\n&#8211; Festivali meediapartneritel on reklaami\/kajastuse eesm\u00e4rgil lubatud k\u00f5ikide artistide esinemisi \u00a0pildistada, salvestada v\u00f5i \u00fcle kanda. \u00dcksikasjad t\u00e4psustatakse festivali eel<\/p>\n<p>&nbsp;<\/p>\n<p>K\u00f5ikide avalduse esitanud artistidega v\u00f5etakse \u00fchendust veebruaris 2021 avalduses m\u00e4rgitud esindaja meiliaadressil. Teavitus kandideerimise tulemusest saadetakse ka artistidele, keda programmi ei valita.<\/p>\n<p>TMW 2021 korraldatakse vastavalt festivali toimumise ajal avalikele \u00fcritustele s\u00e4testatud reeglitele, mis aitavad v\u00e4ltida koroonaviiruse levikut. Kui koroonaviiruse levikust tingituna korraldatakse festival plaanitust erinevas v\u00f5i v\u00e4hendatud formaadis, teavitatakse sellest ka k\u00f5iki festivali esinejaid ja koost\u00f6\u00f6partnereid.<\/p>\n<p>Lisak\u00fcsimused v\u00f5i avalduse esitamisel tekkivad tehnilised probleemid: <a href=\"mailto:info@tmw.ee\">info@tmw.ee<\/a><\/p>\n","protected":false},"excerpt":{"rendered":"<p>TMW 2021 artistide esinemistaotluste voor on selleks korraks l\u00f5ppenud. Loe tulemuste kohta siit.\u00a0 &nbsp; TMW 2021 p\u00f5hiprogrammi kuup\u00e4evad: Muusikafestival: N, 6. mai \u2013 L, 8. mai Konverents: R, 7. mai \u2013 L, 8. mai Avalduse esitanud artistidega v\u00f5etakse \u00fchendust ja TMW 2021 programm kuulutatakse v\u00e4lja j\u00e4rk-j\u00e4rgult alates veebruarist 2021. &nbsp; MIDA FESTIVAL PAKUB K\u00f5ikidele esinejatele: [&hellip;]<\/p>\n","protected":false},"author":2,"featured_media":0,"parent":0,"menu_order":0,"comment_status":"closed","ping_status":"closed","template":"","meta":{"_monsterinsights_skip_tracking":false,"_monsterinsights_sitenote_active":false,"_monsterinsights_sitenote_note":"","_monsterinsights_sitenote_category":0},"acf":[],"_links":{"self":[{"href":"https:\/\/2020.tallinnmusicweek.ee\/et\/wp-json\/wp\/v2\/pages\/7831"}],"collection":[{"href":"https:\/\/2020.tallinnmusicweek.ee\/et\/wp-json\/wp\/v2\/pages"}],"about":[{"href":"https:\/\/2020.tallinnmusicweek.ee\/et\/wp-json\/wp\/v2\/types\/page"}],"author":[{"embeddable":true,"href":"https:\/\/2020.tallinnmusicweek.ee\/et\/wp-json\/wp\/v2\/users\/2"}],"replies":[{"embeddable":true,"href":"https:\/\/2020.tallinnmusicweek.ee\/et\/wp-json\/wp\/v2\/comments?post=7831"}],"version-history":[{"count":19,"href":"https:\/\/2020.tallinnmusicweek.ee\/et\/wp-json\/wp\/v2\/pages\/7831\/revisions"}],"predecessor-version":[{"id":11120,"href":"https:\/\/2020.tallinnmusicweek.ee\/et\/wp-json\/wp\/v2\/pages\/7831\/revisions\/11120"}],"wp:attachment":[{"href":"https:\/\/2020.tallinnmusicweek.ee\/et\/wp-json\/wp\/v2\/media?parent=7831"}],"curies":[{"name":"wp","href":"https:\/\/api.w.org\/{rel}","templated":true}]}}